{"id":10,"date":"2022-10-11T21:00:46","date_gmt":"2022-10-11T21:00:46","guid":{"rendered":"https:\/\/wildental.ch\/?page_id=10"},"modified":"2026-03-30T09:52:39","modified_gmt":"2026-03-30T09:52:39","slug":"ueber-uns","status":"publish","type":"page","link":"https:\/\/wildental.ch\/?page_id=10","title":{"rendered":"\u00dcber uns &#8211; ALT"},"content":{"rendered":"","protected":false},"excerpt":{"rendered":"","protected":false},"author":1,"featured_media":0,"parent":0,"menu_order":18,"comment_status":"closed","ping_status":"closed","template":"","meta":[],"class_list":["post-10","page","type-page","status-publish","hentry"],"grid":"{\r\n  \"colCount\": 9,\r\n  \"colGutter\": 25,\r\n  \"rowGutters\": [\r\n    25,\r\n    25,\r\n    25,\r\n    50,\r\n    25\r\n  ],\r\n  \"frameMargin\": 5,\r\n  \"leftFrameMargin\": 100,\r\n  \"rightFrameMargin\": 50,\r\n  \"topFrameMargin\": 100,\r\n  \"bottomFrameMargin\": 100,\r\n  \"rowAttrs\": [\r\n    {\r\n      \"relid\": 10\r\n    },\r\n    {\r\n      \"relid\": 16\r\n    },\r\n    {\r\n      \"relid\": 27\r\n    },\r\n    {\r\n      \"relid\": 14\r\n    },\r\n    {\r\n      \"relid\": 3\r\n    },\r\n    {\r\n      \"relid\": 4\r\n    }\r\n  ],\r\n  \"bgColor\": null,\r\n  \"bgImage\": null,\r\n  \"cont\": [\r\n    {\r\n      \"type\": \"img\",\r\n      \"cont\": \"\/wp-content\/uploads\/2025\/03\/Wildental_Logo2025_schwarz_horizontal_randlos.svg\",\r\n      \"align\": \"top\",\r\n      \"row\": 0,\r\n      \"col\": 2,\r\n      \"colspan\": 4,\r\n      \"offsetx\": 0,\r\n      \"offsety\": 0,\r\n      \"spaceabove\": 0,\r\n      \"spacebelow\": 0,\r\n      \"yvel\": 1,\r\n      \"push\": 2,\r\n      \"relid\": 1,\r\n      \"attid\": 813,\r\n      \"sizes\": {\r\n        \"full\": \"\/wp-content\/uploads\/2025\/03\/Wildental_Logo2025_schwarz_horizontal_randlos.svg\"\r\n      },\r\n      \"w\": 917.964,\r\n      \"h\": 248.759,\r\n      \"ar\": 0.27098992988831805,\r\n      \"alt\": \"\",\r\n      \"absolute_position\": false,\r\n      \"frameOverflow\": \"\",\r\n      \"dosync\": false\r\n    },\r\n    {\r\n      \"type\": \"marquee\",\r\n      \"cont\": \"\",\r\n      \"align\": \"top\",\r\n      \"row\": 1,\r\n      \"col\": 2,\r\n      \"colspan\": 5,\r\n      \"offsetx\": 0,\r\n      \"offsety\": 0,\r\n      \"spaceabove\": 0,\r\n      \"spacebelow\": 0,\r\n      \"yvel\": 1,\r\n      \"push\": 2,\r\n      \"relid\": 17,\r\n      \"config\": {\r\n        \"desktop\": {\r\n          \"spacebetween\": 10,\r\n          \"spacebetween_mu\": \"px\",\r\n          \"imageheight\": 50,\r\n          \"imageheight_mu\": \"px\",\r\n          \"spacetop\": 0,\r\n          \"spacetop_mu\": \"px\",\r\n          \"spacebottom\": 0,\r\n          \"spacebottom_mu\": \"px\",\r\n          \"speed\": 60\r\n        },\r\n        \"tablet\": {\r\n          \"spacebetween\": 10,\r\n          \"spacebetween_mu\": \"px\",\r\n          \"imageheight\": 50,\r\n          \"imageheight_mu\": \"px\",\r\n          \"spacetop\": 0,\r\n          \"spacetop_mu\": \"px\",\r\n          \"spacebottom\": 0,\r\n          \"spacebottom_mu\": \"px\",\r\n          \"speed\": 60\r\n        },\r\n        \"phone\": {\r\n          \"spacebetween\": 10,\r\n          \"spacebetween_mu\": \"px\",\r\n          \"imageheight\": 50,\r\n          \"imageheight_mu\": \"px\",\r\n          \"spacetop\": 0,\r\n          \"spacetop_mu\": \"px\",\r\n          \"spacebottom\": 0,\r\n          \"spacebottom_mu\": \"px\",\r\n          \"speed\": 60\r\n        },\r\n        \"speed\": 60,\r\n        \"reversedirection\": false,\r\n        \"startonscreen\": true,\r\n        \"textformat\": \"Default\",\r\n        \"pauseonhover\": false,\r\n        \"startonhover\": false,\r\n        \"alignment\": \"middle\",\r\n        \"elements\": [\r\n          {\r\n            \"cont\": \"<p><span style=\\\"color: #a60000;\\\">Diese Webseite wird zurzeit \u00fcberarbeitet. Einzelne Informationen k\u00f6nnen fehlerhaft sein. R\u00fcckfragen sind \u00fcber \\\"Kontakt\\\" m\u00f6glich.<\/span><\/p>\",\r\n            \"type\": \"text\"\r\n          }\r\n        ],\r\n        \"separator\": \"+ + +\",\r\n        \"borderTopWidth\": 0,\r\n        \"borderBottomWidth\": 0,\r\n        \"borderColor\": \"\",\r\n        \"backgroundColor\": \"\"\r\n      },\r\n      \"absolute_position\": false,\r\n      \"frameOverflow\": \"\"\r\n    },\r\n    {\r\n      \"type\": \"text\",\r\n      \"cont\": \"<p><em>\u00abIm Wildental schaffen wir einen Raum, in dem gemeinschaftliches Leben und individuelle Freiheit Hand in Hand gehen, um eine starke und inspirierende Gemeinschaft zu bilden\u00bb.<\/em><\/p><h1 class=\\\"_H2\\\">Wir \u00fcber uns<\/h1><p><span>Nach jahrelanger Zusammenarbeit in verschiedenen sozialen Projekten ist in uns der Wunsch gewachsen, einen Ort zu schaffen, der mehr als nur Wohnraum bietet. So entstand die Idee f\u00fcr das Wildental-Projekt \u2013 ein integratives Wohnkonzept, das unsere gelebten Werte mit einer neuen Form des Miteinanders vereint.<\/span><\/p><h1 class=\\\"_H2\\\"><span>Unsere Vision<\/span><\/h1><p><span>Die <strong>Wohngenossenschaft Wildental<\/strong> steht f\u00fcr ein Zuhause, das weit \u00fcber W\u00e4nde und ein Dach hinausgeht. Es ist ein Raum der Begegnung, des Austauschs und des gemeinsamen Wachsens. Hier kannst du nicht nur wohnen und leben, sondern auch deine Ressourcen einbringen und von der Kraft der Gemeinschaft profitieren.<\/span><\/p><p><span>Wir sind \u00fcberzeugt davon, dass Gemeinschaft dann stark ist, wenn wir unsere Ressourcen teilen: Was ich im \u00dcberfluss habe, gebe ich gerne weiter, um anderen die M\u00f6glichkeit zu geben, auf Augenh\u00f6he zu leben. <\/span><\/p><p><span>Gleichzeitig entsteht echtes Miteinander nicht durch starre Regeln, sondern entwickelt sich organisch im gemeinsamen Prozess. Je weniger Vorgaben es gibt, desto freier kann sich das nat\u00fcrliche Gleichgewicht von Geben und Nehmen entfalten.<\/span><\/p><p><span>Unser Projekt bietet Stabilit\u00e4t f\u00fcr Menschen in unterschiedlichen Lebenssituationen \u2013 sei es tempor\u00e4r oder dauerhaft. Gerade f\u00fcr jene, die sich in sozialen, physischen oder psychischen Herausforderungen befinden, wollen wir ein sicheres Umfeld schaffen, das Halt und Orientierung gibt.<\/span><\/p><p><span>Wo Menschen zusammenleben, gibt es auch Aufgaben und Verantwortlichkeiten. Doch anstatt strenger Vorschriften setzen wir auf ein <strong>Miteinander<\/strong>, das von Vertrauen und Eigenverantwortung gepr\u00e4gt ist. Wir entwickeln L\u00f6sungen gemeinsam, ohne dass der \\\"Pflichthammer\\\" \u00fcber uns schwebt.<\/span><\/p><p><span>Gleichzeitig sind wir von der Kraft des Einzelnen \u00fcberzeugt: Jede*r bringt einzigartige St\u00e4rken und Erfahrungen mit. Im Wildental-Projekt verbinden sich diese individuellen Ressourcen zu einer lebendigen Gemeinschaft, die nicht nur den Einzelnen st\u00e4rkt, sondern auch nach aussen wirkt und neue Impulse setzt.<\/span><\/p><p><span>Unser Ansatz ist <strong>konsensorientiert<\/strong>, <strong>partizipativ<\/strong> und basiert auf echter <strong>Augenh\u00f6he<\/strong>. Wildental ist mehr als ein Wohnprojekt: Es ist ein Ort, an dem Menschen f\u00fcreinander da sind, wo Vielfalt gelebt und Solidarit\u00e4t sp\u00fcrbar wird. Ein Zuhause, das inspiriert und verbindet.<\/span><\/p><p><em>\\\"Viele kleine Leute, an vielen kleinen Orten, die viele kleine Schritte tun, k\u00f6nnen das Gesicht der Welt ver\u00e4ndern.\\\"<\/em><\/p>\",\r\n      \"align\": \"middle\",\r\n      \"row\": 2,\r\n      \"col\": 2,\r\n      \"colspan\": 5,\r\n      \"offsetx\": 0,\r\n      \"offsety\": 0,\r\n      \"spaceabove\": 0,\r\n      \"spacebelow\": 0,\r\n      \"yvel\": 1,\r\n      \"push\": 2,\r\n      \"relid\": 2,\r\n      \"absolute_position\": false,\r\n      \"frameOverflow\": \"\",\r\n      \"zIndex\": 1\r\n    },\r\n    {\r\n      \"type\": \"text\",\r\n      \"cont\": \"<p style=\\\"text-align: center;\\\"><a class=\\\"laybutton2 laybutton\\\" rel=\\\"noopener\\\" href=\\\"https:\/\/wildental.ch\/wp-content\/uploads\/2025\/05\/Statuten-Wohngenossenschaft-TerraNea-im-Wildental-Augst-V1.4_bearbeitet-26.05.24-VISIERT.pdf\\\" target=\\\"_blank\\\">Statuten Wohngenossenschaft TerraNea<\/a><\/p>\",\r\n      \"align\": \"middle\",\r\n      \"row\": 3,\r\n      \"col\": 2,\r\n      \"colspan\": 5,\r\n      \"offsetx\": 0,\r\n      \"offsety\": 0,\r\n      \"spaceabove\": 0,\r\n      \"spacebelow\": 0,\r\n      \"yvel\": 1,\r\n      \"push\": 2,\r\n      \"relid\": 13,\r\n      \"absolute_position\": false,\r\n      \"frameOverflow\": \"\"\r\n    },\r\n    {\r\n      \"type\": \"hr\",\r\n      \"cont\": \"\",\r\n      \"align\": \"middle\",\r\n      \"row\": 4,\r\n      \"col\": 2,\r\n      \"colspan\": 5,\r\n      \"offsetx\": 0,\r\n      \"offsety\": 0,\r\n      \"spaceabove\": 0,\r\n      \"spacebelow\": 0,\r\n      \"yvel\": 1,\r\n      \"push\": 2,\r\n      \"relid\": 8,\r\n      \"absolute_position\": false,\r\n      \"frameOverflow\": \"\"\r\n    },\r\n    {\r\n      \"type\": \"text\",\r\n      \"cont\": \"<p><span style=\\\"text-decoration: underline;\\\">Treuhandb\u00fcro:<\/span><\/p><p><strong>Guldimann Partner Treuhand GmbH<br \/><\/strong><span>Waldeckstrasse 5<br \/>CH-4053 Basel<\/span><\/p>\",\r\n      \"align\": \"top\",\r\n      \"row\": 5,\r\n      \"col\": 2,\r\n      \"colspan\": 5,\r\n      \"offsetx\": 0,\r\n      \"offsety\": 0,\r\n      \"spaceabove\": 0,\r\n      \"spacebelow\": 0,\r\n      \"yvel\": 1,\r\n      \"push\": 2,\r\n      \"relid\": 5,\r\n      \"absolute_position\": false,\r\n      \"frameOverflow\": \"\"\r\n    }\r\n  ]\r\n}","phonegrid":"{\r\n  \"colCount\": 12,\r\n  \"colGutter\": 1,\r\n  \"rowGutters\": [\r\n    5,\r\n    5,\r\n    5,\r\n    5\r\n  ],\r\n  \"frameMargin\": 5,\r\n  \"leftFrameMargin\": 55,\r\n  \"rightFrameMargin\": 20,\r\n  \"topFrameMargin\": 5,\r\n  \"bottomFrameMargin\": 5,\r\n  \"rowAttrs\": [\r\n    {\r\n      \"relid\": 7\r\n    },\r\n    {\r\n      \"relid\": 6\r\n    },\r\n    {\r\n      \"relid\": 15\r\n    },\r\n    {\r\n      \"relid\": 9\r\n    },\r\n    {\r\n      \"relid\": 12\r\n    }\r\n  ],\r\n  \"bgColor\": null,\r\n  \"bgImage\": null,\r\n  \"cont\": [\r\n    {\r\n      \"type\": \"marquee\",\r\n      \"cont\": \"\",\r\n      \"align\": \"middle\",\r\n      \"row\": 0,\r\n      \"col\": 0,\r\n      \"colspan\": 12,\r\n      \"offsetx\": 0,\r\n      \"offsety\": 0,\r\n      \"spaceabove\": 0,\r\n      \"spacebelow\": 0,\r\n      \"yvel\": 1,\r\n      \"push\": 0,\r\n      \"relid\": 17,\r\n      \"config\": {\r\n        \"desktop\": {\r\n          \"spacebetween\": 10,\r\n          \"spacebetween_mu\": \"px\",\r\n          \"imageheight\": 50,\r\n          \"imageheight_mu\": \"px\",\r\n          \"spacetop\": 0,\r\n          \"spacetop_mu\": \"px\",\r\n          \"spacebottom\": 0,\r\n          \"spacebottom_mu\": \"px\",\r\n          \"speed\": 60\r\n        },\r\n        \"tablet\": {\r\n          \"spacebetween\": 10,\r\n          \"spacebetween_mu\": \"px\",\r\n          \"imageheight\": 50,\r\n          \"imageheight_mu\": \"px\",\r\n          \"spacetop\": 0,\r\n          \"spacetop_mu\": \"px\",\r\n          \"spacebottom\": 0,\r\n          \"spacebottom_mu\": \"px\",\r\n          \"speed\": 60\r\n        },\r\n        \"phone\": {\r\n          \"spacebetween\": 10,\r\n          \"spacebetween_mu\": \"px\",\r\n          \"imageheight\": 50,\r\n          \"imageheight_mu\": \"px\",\r\n          \"spacetop\": 0,\r\n          \"spacetop_mu\": \"px\",\r\n          \"spacebottom\": 0,\r\n          \"spacebottom_mu\": \"px\",\r\n          \"speed\": 60\r\n        },\r\n        \"speed\": 60,\r\n        \"reversedirection\": false,\r\n        \"startonscreen\": true,\r\n        \"textformat\": \"Default\",\r\n        \"pauseonhover\": false,\r\n        \"startonhover\": false,\r\n        \"alignment\": \"middle\",\r\n        \"elements\": [\r\n          {\r\n            \"cont\": \"<p><span style=\\\"color: #a60000;\\\">Diese Webseite wird zurzeit \u00fcberarbeitet. Einzelne Informationen k\u00f6nnen fehlerhaft sein. R\u00fcckfragen sind \u00fcber \\\"Kontakt\\\" m\u00f6glich.<\/span><\/p>\",\r\n            \"type\": \"text\"\r\n          }\r\n        ],\r\n        \"separator\": \"+ + +\",\r\n        \"borderTopWidth\": 0,\r\n        \"borderBottomWidth\": 0,\r\n        \"borderColor\": \"\",\r\n        \"backgroundColor\": \"\"\r\n      },\r\n      \"absolute_position\": false,\r\n      \"frameOverflow\": \"\"\r\n    },\r\n    {\r\n      \"type\": \"text\",\r\n      \"cont\": \"<p><em>\u00abIm Wildental schaffen wir einen Raum, in dem gemeinschaftliches Leben und individuelle Freiheit Hand in Hand gehen, um eine starke und inspirierende Gemeinschaft zu bilden\u00bb.<\/em><\/p><h1 class=\\\"_H2\\\">Wir \u00fcber uns<\/h1><p><span>Nach jahrelanger Zusammenarbeit in verschiedenen sozialen Projekten ist in uns der Wunsch gewachsen, einen Ort zu schaffen, der mehr als nur Wohnraum bietet. So entstand die Idee f\u00fcr das Wildental-Projekt \u2013 ein integratives Wohnkonzept, das unsere gelebten Werte mit einer neuen Form des Miteinanders vereint.<\/span><\/p><h1 class=\\\"_H2\\\"><span>Unsere Vision<\/span><\/h1><p><span>Die <strong>Wohngenossenschaft Wildental<\/strong> steht f\u00fcr ein Zuhause, das weit \u00fcber W\u00e4nde und ein Dach hinausgeht. Es ist ein Raum der Begegnung, des Austauschs und des gemeinsamen Wachsens. Hier kannst du nicht nur wohnen und leben, sondern auch deine Ressourcen einbringen und von der Kraft der Gemeinschaft profitieren.<\/span><\/p><p><span>Wir sind \u00fcberzeugt davon, dass Gemeinschaft dann stark ist, wenn wir unsere Ressourcen teilen: Was ich im \u00dcberfluss habe, gebe ich gerne weiter, um anderen die M\u00f6glichkeit zu geben, auf Augenh\u00f6he zu leben. <\/span><\/p><p><span>Gleichzeitig entsteht echtes Miteinander nicht durch starre Regeln, sondern entwickelt sich organisch im gemeinsamen Prozess. Je weniger Vorgaben es gibt, desto freier kann sich das nat\u00fcrliche Gleichgewicht von Geben und Nehmen entfalten.<\/span><\/p><p><span>Unser Projekt bietet Stabilit\u00e4t f\u00fcr Menschen in unterschiedlichen Lebenssituationen \u2013 sei es tempor\u00e4r oder dauerhaft. Gerade f\u00fcr jene, die sich in sozialen, physischen oder psychischen Herausforderungen befinden, wollen wir ein sicheres Umfeld schaffen, das Halt und Orientierung gibt.<\/span><\/p><p><span>Wo Menschen zusammenleben, gibt es auch Aufgaben und Verantwortlichkeiten. Doch anstatt strenger Vorschriften setzen wir auf ein <strong>Miteinander<\/strong>, das von Vertrauen und Eigenverantwortung gepr\u00e4gt ist. Wir entwickeln L\u00f6sungen gemeinsam, ohne dass der \\\"Pflichthammer\\\" \u00fcber uns schwebt.<\/span><\/p><p><span>Gleichzeitig sind wir von der Kraft des Einzelnen \u00fcberzeugt: Jede*r bringt einzigartige St\u00e4rken und Erfahrungen mit. Im Wildental-Projekt verbinden sich diese individuellen Ressourcen zu einer lebendigen Gemeinschaft, die nicht nur den Einzelnen st\u00e4rkt, sondern auch nach aussen wirkt und neue Impulse setzt.<\/span><\/p><p><span>Unser Ansatz ist <strong>konsensorientiert<\/strong>, <strong>partizipativ<\/strong> und basiert auf echter <strong>Augenh\u00f6he<\/strong>. Wildental ist mehr als ein Wohnprojekt: Es ist ein Ort, an dem Menschen f\u00fcreinander da sind, wo Vielfalt gelebt und Solidarit\u00e4t sp\u00fcrbar wird. Ein Zuhause, das inspiriert und verbindet.<\/span><\/p><p><em>\\\"Viele kleine Leute, an vielen kleinen Orten, die viele kleine Schritte tun, k\u00f6nnen das Gesicht der Welt ver\u00e4ndern.\\\"<\/em><\/p>\",\r\n      \"align\": \"middle\",\r\n      \"row\": 1,\r\n      \"col\": 0,\r\n      \"colspan\": 12,\r\n      \"offsetx\": 0,\r\n      \"offsety\": 0,\r\n      \"spaceabove\": 0,\r\n      \"spacebelow\": 0,\r\n      \"yvel\": 1,\r\n      \"push\": 0,\r\n      \"relid\": 2,\r\n      \"absolute_position\": false,\r\n      \"frameOverflow\": \"\",\r\n      \"zIndex\": 1\r\n    },\r\n    {\r\n      \"type\": \"text\",\r\n      \"cont\": \"<p style=\\\"text-align: center;\\\"><a class=\\\"laybutton2 laybutton\\\" rel=\\\"noopener\\\" href=\\\"https:\/\/wildental.ch\/wp-content\/uploads\/2025\/05\/Statuten-Wohngenossenschaft-TerraNea-im-Wildental-Augst-V1.4_bearbeitet-26.05.24-VISIERT.pdf\\\" target=\\\"_blank\\\">Statuten Wohngenossenschaft TerraNea<\/a><\/p>\",\r\n      \"align\": \"top\",\r\n      \"row\": 2,\r\n      \"col\": 0,\r\n      \"colspan\": 10,\r\n      \"offsetx\": 0,\r\n      \"offsety\": 0,\r\n      \"spaceabove\": 0,\r\n      \"spacebelow\": 0,\r\n      \"yvel\": 1,\r\n      \"push\": 0,\r\n      \"relid\": 13,\r\n      \"absolute_position\": false,\r\n      \"zIndex\": 2,\r\n      \"frameOverflow\": \"\"\r\n    },\r\n    {\r\n      \"type\": \"hr\",\r\n      \"cont\": \"\",\r\n      \"align\": \"middle\",\r\n      \"row\": 3,\r\n      \"col\": 0,\r\n      \"colspan\": 10,\r\n      \"offsetx\": 0,\r\n      \"offsety\": 0,\r\n      \"spaceabove\": 0,\r\n      \"spacebelow\": 0,\r\n      \"yvel\": 1,\r\n      \"push\": 0,\r\n      \"relid\": 11,\r\n      \"absolute_position\": false,\r\n      \"frameOverflow\": \"\",\r\n      \"zIndex\": 3\r\n    },\r\n    {\r\n      \"type\": \"text\",\r\n      \"cont\": \"<p><span style=\\\"text-decoration: underline;\\\">Treuhandb\u00fcro:<\/span><\/p><p><strong>Guldimann Partner Treuhand GmbH<br \/><\/strong><span>Waldeckstrasse 5<br \/>CH-4053 Basel<\/span><\/p>\",\r\n      \"align\": \"top\",\r\n      \"row\": 4,\r\n      \"col\": 0,\r\n      \"colspan\": 10,\r\n      \"offsetx\": 0,\r\n      \"offsety\": 0,\r\n      \"spaceabove\": 0,\r\n      \"spacebelow\": 0,\r\n      \"yvel\": 1,\r\n      \"push\": 0,\r\n      \"relid\": 5,\r\n      \"absolute_position\": false,\r\n      \"zIndex\": 4,\r\n      \"frameOverflow\": \"\"\r\n    }\r\n  ]\r\n}","_links":{"self":[{"href":"https:\/\/wildental.ch\/index.php?rest_route=\/wp\/v2\/pages\/10","targetHints":{"allow":["GET"]}}],"collection":[{"href":"https:\/\/wildental.ch\/index.php?rest_route=\/wp\/v2\/pages"}],"about":[{"href":"https:\/\/wildental.ch\/index.php?rest_route=\/wp\/v2\/types\/page"}],"author":[{"embeddable":true,"href":"https:\/\/wildental.ch\/index.php?rest_route=\/wp\/v2\/users\/1"}],"replies":[{"embeddable":true,"href":"https:\/\/wildental.ch\/index.php?rest_route=%2Fwp%2Fv2%2Fcomments&post=10"}],"version-history":[{"count":0,"href":"https:\/\/wildental.ch\/index.php?rest_route=\/wp\/v2\/pages\/10\/revisions"}],"wp:attachment":[{"href":"https:\/\/wildental.ch\/index.php?rest_route=%2Fwp%2Fv2%2Fmedia&parent=10"}],"curies":[{"name":"wp","href":"https:\/\/api.w.org\/{rel}","templated":true}]}}