{"id":11,"date":"2022-10-11T21:00:57","date_gmt":"2022-10-11T21:00:57","guid":{"rendered":"https:\/\/wildental.ch\/?page_id=11"},"modified":"2026-03-30T09:52:05","modified_gmt":"2026-03-30T09:52:05","slug":"willkommen","status":"publish","type":"page","link":"https:\/\/wildental.ch\/?page_id=11","title":{"rendered":"Willkommen &#8211; ALT"},"content":{"rendered":"","protected":false},"excerpt":{"rendered":"","protected":false},"author":1,"featured_media":0,"parent":0,"menu_order":12,"comment_status":"closed","ping_status":"closed","template":"","meta":[],"class_list":["post-11","page","type-page","status-publish","hentry"],"grid":"{\r\n  \"colCount\": 9,\r\n  \"colGutter\": 25,\r\n  \"rowGutters\": [\r\n    50,\r\n    50,\r\n    50,\r\n    50,\r\n    50\r\n  ],\r\n  \"frameMargin\": 5,\r\n  \"leftFrameMargin\": 100,\r\n  \"rightFrameMargin\": 50,\r\n  \"topFrameMargin\": 100,\r\n  \"bottomFrameMargin\": 100,\r\n  \"rowAttrs\": [\r\n    {\r\n      \"relid\": 7\r\n    },\r\n    {\r\n      \"relid\": 2\r\n    },\r\n    {\r\n      \"relid\": 11\r\n    },\r\n    {\r\n      \"relid\": 8\r\n    },\r\n    {\r\n      \"relid\": 9\r\n    },\r\n    {\r\n      \"relid\": 10\r\n    }\r\n  ],\r\n  \"bgColor\": null,\r\n  \"bgImage\": null,\r\n  \"cont\": [\r\n    {\r\n      \"type\": \"text\",\r\n      \"cont\": \"<h1 class=\\\"_H1\\\">Willkommen im Wildental!<\/h1><h1 class=\\\"_H2\\\">Im Wildental triffst du Menschen, die in einer bunten Gemeinschaft leben, einen nachhaltigen Lebensstil pflegen und bereit sind, sich f\u00fcr diese Ziele zu engagieren.<\/h1>\",\r\n      \"align\": \"top\",\r\n      \"row\": 0,\r\n      \"col\": 2,\r\n      \"colspan\": 6,\r\n      \"offsetx\": 0,\r\n      \"offsety\": 0,\r\n      \"spaceabove\": 0,\r\n      \"spacebelow\": 0,\r\n      \"yvel\": 1,\r\n      \"push\": 2,\r\n      \"relid\": 4,\r\n      \"absolute_position\": false,\r\n      \"frameOverflow\": \"\"\r\n    },\r\n    {\r\n      \"type\": \"text\",\r\n      \"cont\": \"<h1 class=\\\"_H2\\\" style=\\\"text-align: left;\\\"><span style=\\\"color: #b30202;\\\"><strong>GRUNDSTEINLEGUNG 17.03.2026 | <\/strong><\/span><span style=\\\"color: #b30202;\\\"><strong>AUFRICHTE im Herbst 2026 | <span>Voraussichtlicher BEZUG Sommer 2027<\/span><\/strong><\/span><\/h1>\",\r\n      \"align\": \"middle\",\r\n      \"row\": 1,\r\n      \"col\": 2,\r\n      \"colspan\": 6,\r\n      \"offsetx\": 0,\r\n      \"offsety\": 0,\r\n      \"spaceabove\": 0,\r\n      \"spacebelow\": 0,\r\n      \"yvel\": 1,\r\n      \"push\": 2,\r\n      \"relid\": 3,\r\n      \"absolute_position\": false,\r\n      \"frameOverflow\": \"\"\r\n    },\r\n    {\r\n      \"type\": \"marquee\",\r\n      \"cont\": \"\",\r\n      \"align\": \"top\",\r\n      \"row\": 2,\r\n      \"col\": 2,\r\n      \"colspan\": 6,\r\n      \"offsetx\": 0,\r\n      \"offsety\": 0,\r\n      \"spaceabove\": 0,\r\n      \"spacebelow\": 0,\r\n      \"yvel\": 1,\r\n      \"push\": 2,\r\n      \"relid\": 14,\r\n      \"config\": {\r\n        \"desktop\": {\r\n          \"spacebetween\": 10,\r\n          \"spacebetween_mu\": \"px\",\r\n          \"imageheight\": 50,\r\n          \"imageheight_mu\": \"px\",\r\n          \"spacetop\": 0,\r\n          \"spacetop_mu\": \"px\",\r\n          \"spacebottom\": 0,\r\n          \"spacebottom_mu\": \"px\",\r\n          \"speed\": 60\r\n        },\r\n        \"tablet\": {\r\n          \"spacebetween\": 10,\r\n          \"spacebetween_mu\": \"px\",\r\n          \"imageheight\": 50,\r\n          \"imageheight_mu\": \"px\",\r\n          \"spacetop\": 0,\r\n          \"spacetop_mu\": \"px\",\r\n          \"spacebottom\": 0,\r\n          \"spacebottom_mu\": \"px\",\r\n          \"speed\": 60\r\n        },\r\n        \"phone\": {\r\n          \"spacebetween\": 10,\r\n          \"spacebetween_mu\": \"px\",\r\n          \"imageheight\": 50,\r\n          \"imageheight_mu\": \"px\",\r\n          \"spacetop\": 0,\r\n          \"spacetop_mu\": \"px\",\r\n          \"spacebottom\": 0,\r\n          \"spacebottom_mu\": \"px\",\r\n          \"speed\": 60\r\n        },\r\n        \"speed\": 60,\r\n        \"reversedirection\": false,\r\n        \"startonscreen\": true,\r\n        \"textformat\": \"Default\",\r\n        \"pauseonhover\": false,\r\n        \"startonhover\": false,\r\n        \"alignment\": \"middle\",\r\n        \"elements\": [\r\n          {\r\n            \"cont\": \"<p><span style=\\\"color: #a60000;\\\">Diese Webseite wird zurzeit \u00fcberarbeitet. Einzelne Informationen k\u00f6nnen fehlerhaft sein. R\u00fcckfragen sind \u00fcber \\\"Kontakt\\\" m\u00f6glich.<\/span><\/p>\",\r\n            \"type\": \"text\"\r\n          }\r\n        ],\r\n        \"separator\": \"+ + +\",\r\n        \"borderTopWidth\": 0,\r\n        \"borderBottomWidth\": 0,\r\n        \"borderColor\": \"\",\r\n        \"backgroundColor\": \"\"\r\n      },\r\n      \"absolute_position\": false,\r\n      \"textAnimation\": {\r\n        \"enableTextAnimation\": false\r\n      }\r\n    },\r\n    {\r\n      \"type\": \"carousel\",\r\n      \"cont\": \"\",\r\n      \"align\": \"top\",\r\n      \"row\": 3,\r\n      \"col\": 2,\r\n      \"colspan\": 6,\r\n      \"offsetx\": 0,\r\n      \"offsety\": 0,\r\n      \"spaceabove\": 0,\r\n      \"spacebelow\": 0,\r\n      \"yvel\": 1,\r\n      \"push\": 2,\r\n      \"relid\": 1,\r\n      \"carousel_options\": {\r\n        \"random\": false,\r\n        \"autoplay\": true,\r\n        \"showMultipleSlides\": false,\r\n        \"freeScroll\": false,\r\n        \"mousewheelScroll\": false,\r\n        \"size\": \"aspectRatioOfFirstElement\",\r\n        \"slidesWidth\": \"null\",\r\n        \"transition\": \"fading\",\r\n        \"loop\": \"1\",\r\n        \"spaceBetween\": 0,\r\n        \"captionsUnderSlides\": false,\r\n        \"autoplaySpeed\": 3000,\r\n        \"autoplayDelay\": 0,\r\n        \"transitionSpeed\": 750,\r\n        \"fillSlides\": false,\r\n        \"disableClick\": false\r\n      },\r\n      \"carousel\": [\r\n        {\r\n          \"type\": \"img\",\r\n          \"attid\": 482,\r\n          \"cont\": \"\/wp-content\/uploads\/2023\/12\/20231127_Sichelen_Wildetal_Ensemble_1.jpg\",\r\n          \"sizes\": {\r\n            \"full\": \"\/wp-content\/uploads\/2023\/12\/20231127_Sichelen_Wildetal_Ensemble_1.jpg\",\r\n            \"_3200\": \"\/wp-content\/uploads\/2023\/12\/20231127_Sichelen_Wildetal_Ensemble_1-3200x2133.jpg\",\r\n            \"_2560\": \"\/wp-content\/uploads\/2023\/12\/20231127_Sichelen_Wildetal_Ensemble_1-2560x1707.jpg\",\r\n            \"_1920\": \"\/wp-content\/uploads\/2023\/12\/20231127_Sichelen_Wildetal_Ensemble_1-1920x1280.jpg\",\r\n            \"_1280\": \"\/wp-content\/uploads\/2023\/12\/20231127_Sichelen_Wildetal_Ensemble_1-1280x853.jpg\",\r\n            \"_1024\": \"\/wp-content\/uploads\/2023\/12\/20231127_Sichelen_Wildetal_Ensemble_1-1024x683.jpg\",\r\n            \"_768\": \"\/wp-content\/uploads\/2023\/12\/20231127_Sichelen_Wildetal_Ensemble_1-768x512.jpg\",\r\n            \"_512\": \"\/wp-content\/uploads\/2023\/12\/20231127_Sichelen_Wildetal_Ensemble_1-512x341.jpg\",\r\n            \"_265\": \"\/wp-content\/uploads\/2023\/12\/20231127_Sichelen_Wildetal_Ensemble_1-265x177.jpg\"\r\n          },\r\n          \"w\": 3600,\r\n          \"h\": 2400,\r\n          \"ar\": 0.6666666666666666,\r\n          \"alt\": \"\"\r\n        },\r\n        {\r\n          \"type\": \"img\",\r\n          \"attid\": 485,\r\n          \"cont\": \"\/wp-content\/uploads\/2023\/12\/20231127_Sichelen_Wildetal_Ost_1.jpg\",\r\n          \"sizes\": {\r\n            \"full\": \"\/wp-content\/uploads\/2023\/12\/20231127_Sichelen_Wildetal_Ost_1.jpg\",\r\n            \"_3200\": \"\/wp-content\/uploads\/2023\/12\/20231127_Sichelen_Wildetal_Ost_1-3200x2133.jpg\",\r\n            \"_2560\": \"\/wp-content\/uploads\/2023\/12\/20231127_Sichelen_Wildetal_Ost_1-2560x1707.jpg\",\r\n            \"_1920\": \"\/wp-content\/uploads\/2023\/12\/20231127_Sichelen_Wildetal_Ost_1-1920x1280.jpg\",\r\n            \"_1280\": \"\/wp-content\/uploads\/2023\/12\/20231127_Sichelen_Wildetal_Ost_1-1280x853.jpg\",\r\n            \"_1024\": \"\/wp-content\/uploads\/2023\/12\/20231127_Sichelen_Wildetal_Ost_1-1024x683.jpg\",\r\n            \"_768\": \"\/wp-content\/uploads\/2023\/12\/20231127_Sichelen_Wildetal_Ost_1-768x512.jpg\",\r\n            \"_512\": \"\/wp-content\/uploads\/2023\/12\/20231127_Sichelen_Wildetal_Ost_1-512x341.jpg\",\r\n            \"_265\": \"\/wp-content\/uploads\/2023\/12\/20231127_Sichelen_Wildetal_Ost_1-265x177.jpg\"\r\n          },\r\n          \"w\": 3600,\r\n          \"h\": 2400,\r\n          \"ar\": 0.6666666666666666,\r\n          \"alt\": \"\"\r\n        }\r\n      ],\r\n      \"absolute_position\": false\r\n    },\r\n    {\r\n      \"type\": \"text\",\r\n      \"cont\": \"<p><strong>Im Wildental gibt es viel zu entdecken:<\/strong><\/p><ul><li>Ein <strong>Grundst\u00fcck von rund 3\u2019000 m\u00b2<\/strong> mit einer einzigartigen Vielfalt an nat\u00fcrlichen Ressourcen in der malerischen Umgebung der R\u00f6merstadt Augusta Raurica<\/li><\/ul><ul><li>Grossz\u00fcgige, <strong>naturnahe Aussenbereiche<\/strong> mit Gemeinschaftsplatz, Spielpl\u00e4tzen, Naturteich, Gem\u00fcsegarten, Permakultur, Obstb\u00e4umen und Kleintierhaltung<\/li><\/ul><ul><li><strong>Elegante Architektur und hochwertige Bauten mit Holzfassaden<\/strong>, die nach modernsten \u00f6kologischen Kriterien konzipiert wurden<\/li><\/ul><ul><li><strong>14 unterschiedliche Wohnungen<\/strong>, die sich f\u00fcr vielf\u00e4ltige Lebensformen und -phasen eignen<\/li><\/ul><ul><li><strong>5 flexible Retreat-Apartments, <\/strong>um <span>Menschen in tempor\u00e4ren Lebenssituationen einen R\u00fcckzugsort zu bieten<\/span><\/li><\/ul><ul><li><strong>Gemeinschaftliche genutzte R\u00e4ume und Werkst\u00e4tten<\/strong> f\u00fcr allerlei Aktivit\u00e4ten<\/li><\/ul><ul><li>Eine <strong>bunte Nachbarschaft<\/strong> aus Familien mit Kindern, Paaren, Einzelpersonen, \u00e4lteren Menschen und Menschen mit besonderem Unterst\u00fctzungsbedarf<\/li><\/ul><ul><li>Die M\u00f6glichkeit, deine pers\u00f6nlichen Ressourcen einzubringen und das <strong>Leben in der Genossenschaft aktiv mitzugestalten<\/strong>, aber auch auf die Ressourcen deiner Nachbarschaft zuzugreifen<\/li><\/ul><ul><li><strong>Nachbarschaftlich erbrachte Betreuungs- und Unterst\u00fctzungsangebot<\/strong> f\u00fcr Familien, Alleinerziehende, alte Menschen, Menschen mit besonderem Unterst\u00fctzungsbedarf etc.;<\/li><\/ul><ul><li>Parkpl\u00e4tze mit <strong>Ladestationen f\u00fcr E-Mobilit\u00e4t<\/strong><\/li><\/ul><ul><li><strong>Solidarit\u00e4tsfonds <\/strong><span>f\u00fcr Menschen mit knappem Budget<\/span><\/li><\/ul>\",\r\n      \"align\": \"top\",\r\n      \"row\": 4,\r\n      \"col\": 2,\r\n      \"colspan\": 6,\r\n      \"offsetx\": 0,\r\n      \"offsety\": 0,\r\n      \"spaceabove\": 0,\r\n      \"spacebelow\": 0,\r\n      \"yvel\": 1,\r\n      \"push\": 2,\r\n      \"relid\": 5,\r\n      \"absolute_position\": false,\r\n      \"frameOverflow\": \"\"\r\n    },\r\n    {\r\n      \"type\": \"text\",\r\n      \"cont\": \"<p style=\\\"text-align: center;\\\"><a class=\\\"laybutton2 laybutton\\\" href=\\\"https:\/\/wildental.ch\/?page_id=418\\\" data-id=\\\"418\\\" data-title=\\\"Wohnungsangebot\\\" data-type=\\\"page\\\">Zum Wohnungsangebot<\/a><\/p>\",\r\n      \"align\": \"top\",\r\n      \"row\": 5,\r\n      \"col\": 2,\r\n      \"colspan\": 6,\r\n      \"offsetx\": 0,\r\n      \"offsety\": 0,\r\n      \"spaceabove\": 0,\r\n      \"spacebelow\": 0,\r\n      \"yvel\": 1,\r\n      \"push\": 2,\r\n      \"relid\": 12,\r\n      \"absolute_position\": false,\r\n      \"frameOverflow\": \"\"\r\n    }\r\n  ]\r\n}","phonegrid":"{\r\n  \"colCount\": 12,\r\n  \"colGutter\": 1,\r\n  \"rowGutters\": [\r\n    5,\r\n    5,\r\n    5,\r\n    5,\r\n    5\r\n  ],\r\n  \"frameMargin\": 5,\r\n  \"leftFrameMargin\": 55,\r\n  \"rightFrameMargin\": 20,\r\n  \"topFrameMargin\": 5,\r\n  \"bottomFrameMargin\": 5,\r\n  \"rowAttrs\": [\r\n    {\r\n      \"relid\": 16\r\n    },\r\n    {\r\n      \"relid\": 6\r\n    },\r\n    {\r\n      \"relid\": 15\r\n    },\r\n    {\r\n      \"relid\": 20\r\n    },\r\n    {\r\n      \"relid\": 21\r\n    },\r\n    {\r\n      \"relid\": 13\r\n    }\r\n  ],\r\n  \"bgColor\": null,\r\n  \"bgImage\": null,\r\n  \"cont\": [\r\n    {\r\n      \"type\": \"text\",\r\n      \"cont\": \"<h1 class=\\\"_H1\\\">Willkommen im Wildental!<\/h1><h1 class=\\\"_H2\\\">Im Wildental triffst du Menschen, die in einer bunten Gemeinschaft leben, einen nachhaltigen Lebensstil pflegen und bereit sind, sich f\u00fcr diese Ziele zu engagieren.<\/h1>\",\r\n      \"align\": \"top\",\r\n      \"row\": 0,\r\n      \"col\": 0,\r\n      \"colspan\": 12,\r\n      \"offsetx\": 0,\r\n      \"offsety\": 0,\r\n      \"spaceabove\": 0,\r\n      \"spacebelow\": 0,\r\n      \"yvel\": 1,\r\n      \"push\": 0,\r\n      \"relid\": 4,\r\n      \"absolute_position\": false\r\n    },\r\n    {\r\n      \"type\": \"text\",\r\n      \"cont\": \"<h1 class=\\\"_H2\\\" style=\\\"text-align: left;\\\"><span style=\\\"color: #b30202;\\\"><strong>GRUNDSTEINLEGUNG 17.03.2026 | <\/strong><\/span><span style=\\\"color: #b30202;\\\"><strong>AUFRICHTE im Herbst 2026 | <span>Voraussichtlicher BEZUG Sommer 2027<\/span><\/strong><\/span><\/h1>\",\r\n      \"align\": \"top\",\r\n      \"row\": 1,\r\n      \"col\": 0,\r\n      \"colspan\": 12,\r\n      \"offsetx\": 0,\r\n      \"offsety\": 0,\r\n      \"spaceabove\": 0,\r\n      \"spacebelow\": 0,\r\n      \"yvel\": 1,\r\n      \"push\": 0,\r\n      \"relid\": 3,\r\n      \"absolute_position\": false,\r\n      \"frameOverflow\": \"\"\r\n    },\r\n    {\r\n      \"type\": \"marquee\",\r\n      \"cont\": \"\",\r\n      \"align\": \"middle\",\r\n      \"row\": 2,\r\n      \"col\": 0,\r\n      \"colspan\": 12,\r\n      \"offsetx\": 0,\r\n      \"offsety\": 0,\r\n      \"spaceabove\": 0,\r\n      \"spacebelow\": 0,\r\n      \"yvel\": 1,\r\n      \"push\": 0,\r\n      \"relid\": 14,\r\n      \"config\": {\r\n        \"desktop\": {\r\n          \"spacebetween\": 10,\r\n          \"spacebetween_mu\": \"px\",\r\n          \"imageheight\": 50,\r\n          \"imageheight_mu\": \"px\",\r\n          \"spacetop\": 0,\r\n          \"spacetop_mu\": \"px\",\r\n          \"spacebottom\": 0,\r\n          \"spacebottom_mu\": \"px\",\r\n          \"speed\": 60\r\n        },\r\n        \"tablet\": {\r\n          \"spacebetween\": 10,\r\n          \"spacebetween_mu\": \"px\",\r\n          \"imageheight\": 50,\r\n          \"imageheight_mu\": \"px\",\r\n          \"spacetop\": 0,\r\n          \"spacetop_mu\": \"px\",\r\n          \"spacebottom\": 0,\r\n          \"spacebottom_mu\": \"px\",\r\n          \"speed\": 60\r\n        },\r\n        \"phone\": {\r\n          \"spacebetween\": 10,\r\n          \"spacebetween_mu\": \"px\",\r\n          \"imageheight\": 50,\r\n          \"imageheight_mu\": \"px\",\r\n          \"spacetop\": 0,\r\n          \"spacetop_mu\": \"px\",\r\n          \"spacebottom\": 0,\r\n          \"spacebottom_mu\": \"px\",\r\n          \"speed\": 60\r\n        },\r\n        \"speed\": 60,\r\n        \"reversedirection\": false,\r\n        \"startonscreen\": true,\r\n        \"textformat\": \"Default\",\r\n        \"pauseonhover\": false,\r\n        \"startonhover\": false,\r\n        \"alignment\": \"middle\",\r\n        \"elements\": [\r\n          {\r\n            \"cont\": \"<p><span style=\\\"color: #a60000;\\\">Diese Webseite wird zurzeit \u00fcberarbeitet. Einzelne Informationen k\u00f6nnen fehlerhaft sein. R\u00fcckfragen sind \u00fcber \\\"Kontakt\\\" m\u00f6glich.<\/span><\/p>\",\r\n            \"type\": \"text\"\r\n          }\r\n        ],\r\n        \"separator\": \"+ + +\",\r\n        \"borderTopWidth\": 0,\r\n        \"borderBottomWidth\": 0,\r\n        \"borderColor\": \"\",\r\n        \"backgroundColor\": \"\"\r\n      },\r\n      \"absolute_position\": false,\r\n      \"textAnimation\": {\r\n        \"enableTextAnimation\": false\r\n      },\r\n      \"frameOverflow\": \"\"\r\n    },\r\n    {\r\n      \"type\": \"carousel\",\r\n      \"cont\": \"\",\r\n      \"align\": \"middle\",\r\n      \"row\": 3,\r\n      \"col\": 0,\r\n      \"colspan\": 12,\r\n      \"offsetx\": 0,\r\n      \"offsety\": 0,\r\n      \"spaceabove\": 0,\r\n      \"spacebelow\": 0,\r\n      \"yvel\": 1,\r\n      \"push\": 0,\r\n      \"relid\": 1,\r\n      \"carousel_options\": {\r\n        \"random\": false,\r\n        \"autoplay\": true,\r\n        \"showMultipleSlides\": false,\r\n        \"freeScroll\": false,\r\n        \"mousewheelScroll\": false,\r\n        \"size\": \"aspectRatioOfFirstElement\",\r\n        \"slidesWidth\": \"null\",\r\n        \"transition\": \"fading\",\r\n        \"loop\": \"1\",\r\n        \"spaceBetween\": 0,\r\n        \"captionsUnderSlides\": false,\r\n        \"autoplaySpeed\": 3000,\r\n        \"autoplayDelay\": 0,\r\n        \"transitionSpeed\": 750,\r\n        \"fillSlides\": false,\r\n        \"disableClick\": false\r\n      },\r\n      \"carousel\": [\r\n        {\r\n          \"type\": \"img\",\r\n          \"attid\": 482,\r\n          \"cont\": \"\/wp-content\/uploads\/2023\/12\/20231127_Sichelen_Wildetal_Ensemble_1.jpg\",\r\n          \"sizes\": {\r\n            \"full\": \"\/wp-content\/uploads\/2023\/12\/20231127_Sichelen_Wildetal_Ensemble_1.jpg\",\r\n            \"_3200\": \"\/wp-content\/uploads\/2023\/12\/20231127_Sichelen_Wildetal_Ensemble_1-3200x2133.jpg\",\r\n            \"_2560\": \"\/wp-content\/uploads\/2023\/12\/20231127_Sichelen_Wildetal_Ensemble_1-2560x1707.jpg\",\r\n            \"_1920\": \"\/wp-content\/uploads\/2023\/12\/20231127_Sichelen_Wildetal_Ensemble_1-1920x1280.jpg\",\r\n            \"_1280\": \"\/wp-content\/uploads\/2023\/12\/20231127_Sichelen_Wildetal_Ensemble_1-1280x853.jpg\",\r\n            \"_1024\": \"\/wp-content\/uploads\/2023\/12\/20231127_Sichelen_Wildetal_Ensemble_1-1024x683.jpg\",\r\n            \"_768\": \"\/wp-content\/uploads\/2023\/12\/20231127_Sichelen_Wildetal_Ensemble_1-768x512.jpg\",\r\n            \"_512\": \"\/wp-content\/uploads\/2023\/12\/20231127_Sichelen_Wildetal_Ensemble_1-512x341.jpg\",\r\n            \"_265\": \"\/wp-content\/uploads\/2023\/12\/20231127_Sichelen_Wildetal_Ensemble_1-265x177.jpg\"\r\n          },\r\n          \"w\": 3600,\r\n          \"h\": 2400,\r\n          \"ar\": 0.6666666666666666,\r\n          \"alt\": \"\"\r\n        },\r\n        {\r\n          \"type\": \"img\",\r\n          \"attid\": 485,\r\n          \"cont\": \"\/wp-content\/uploads\/2023\/12\/20231127_Sichelen_Wildetal_Ost_1.jpg\",\r\n          \"sizes\": {\r\n            \"full\": \"\/wp-content\/uploads\/2023\/12\/20231127_Sichelen_Wildetal_Ost_1.jpg\",\r\n            \"_3200\": \"\/wp-content\/uploads\/2023\/12\/20231127_Sichelen_Wildetal_Ost_1-3200x2133.jpg\",\r\n            \"_2560\": \"\/wp-content\/uploads\/2023\/12\/20231127_Sichelen_Wildetal_Ost_1-2560x1707.jpg\",\r\n            \"_1920\": \"\/wp-content\/uploads\/2023\/12\/20231127_Sichelen_Wildetal_Ost_1-1920x1280.jpg\",\r\n            \"_1280\": \"\/wp-content\/uploads\/2023\/12\/20231127_Sichelen_Wildetal_Ost_1-1280x853.jpg\",\r\n            \"_1024\": \"\/wp-content\/uploads\/2023\/12\/20231127_Sichelen_Wildetal_Ost_1-1024x683.jpg\",\r\n            \"_768\": \"\/wp-content\/uploads\/2023\/12\/20231127_Sichelen_Wildetal_Ost_1-768x512.jpg\",\r\n            \"_512\": \"\/wp-content\/uploads\/2023\/12\/20231127_Sichelen_Wildetal_Ost_1-512x341.jpg\",\r\n            \"_265\": \"\/wp-content\/uploads\/2023\/12\/20231127_Sichelen_Wildetal_Ost_1-265x177.jpg\"\r\n          },\r\n          \"w\": 3600,\r\n          \"h\": 2400,\r\n          \"ar\": 0.6666666666666666,\r\n          \"alt\": \"\"\r\n        }\r\n      ],\r\n      \"absolute_position\": false,\r\n      \"frameOverflow\": \"\"\r\n    },\r\n    {\r\n      \"type\": \"text\",\r\n      \"cont\": \"<p><strong>Im Wildental gibt es viel zu entdecken:<\/strong><\/p><ul><li>Ein <strong>Grundst\u00fcck von rund 3\u2019000 m\u00b2<\/strong> mit einer einzigartigen Vielfalt an nat\u00fcrlichen Ressourcen in der malerischen Umgebung der R\u00f6merstadt Augusta Raurica<\/li><\/ul><ul><li>Grossz\u00fcgige, <strong>naturnahe Aussenbereiche<\/strong> mit Gemeinschaftsplatz, Spielpl\u00e4tzen, Naturteich, Gem\u00fcsegarten, Permakultur, Obstb\u00e4umen und Kleintierhaltung<\/li><\/ul><ul><li><strong>Elegante Architektur und hochwertige Bauten mit Holzfassaden<\/strong>, die nach modernsten \u00f6kologischen Kriterien konzipiert wurden<\/li><\/ul><ul><li><strong>14 unterschiedliche Wohnungen<\/strong>, die sich f\u00fcr vielf\u00e4ltige Lebensformen und -phasen eignen<\/li><\/ul><ul><li><strong>5 flexible Retreat-Apartments, <\/strong>um <span>Menschen in tempor\u00e4ren Lebenssituationen einen R\u00fcckzugsort zu bieten<\/span><\/li><\/ul><ul><li><strong>Gemeinschaftliche genutzte R\u00e4ume und Werkst\u00e4tten<\/strong> f\u00fcr allerlei Aktivit\u00e4ten<\/li><\/ul><ul><li>Eine <strong>bunte Nachbarschaft<\/strong> aus Familien mit Kindern, Paaren, Einzelpersonen, \u00e4lteren Menschen und Menschen mit besonderem Unterst\u00fctzungsbedarf<\/li><\/ul><ul><li>Die M\u00f6glichkeit, deine pers\u00f6nlichen Ressourcen einzubringen und das <strong>Leben in der Genossenschaft aktiv mitzugestalten<\/strong>, aber auch auf die Ressourcen deiner Nachbarschaft zuzugreifen<\/li><\/ul><ul><li><strong>Nachbarschaftlich erbrachte Betreuungs- und Unterst\u00fctzungsangebot<\/strong> f\u00fcr Familien, Alleinerziehende, alte Menschen, Menschen mit besonderem Unterst\u00fctzungsbedarf etc.;<\/li><\/ul><ul><li>Parkpl\u00e4tze mit <strong>Ladestationen f\u00fcr E-Mobilit\u00e4t<\/strong><\/li><\/ul><ul><li><strong>Solidarit\u00e4tsfonds <\/strong><span>f\u00fcr Menschen mit knappem Budget<\/span><\/li><\/ul>\",\r\n      \"align\": \"bottom\",\r\n      \"row\": 4,\r\n      \"col\": 0,\r\n      \"colspan\": 12,\r\n      \"offsetx\": 0,\r\n      \"offsety\": 0,\r\n      \"spaceabove\": 0,\r\n      \"spacebelow\": 0,\r\n      \"yvel\": 1,\r\n      \"push\": 0,\r\n      \"relid\": 5,\r\n      \"absolute_position\": false\r\n    },\r\n    {\r\n      \"type\": \"text\",\r\n      \"cont\": \"<p style=\\\"text-align: center;\\\"><a class=\\\"laybutton2 laybutton\\\" href=\\\"https:\/\/wildental.ch\/?page_id=418\\\" data-id=\\\"418\\\" data-title=\\\"Wohnungsangebot\\\" data-type=\\\"page\\\">Zum Wohnungsangebot<\/a><\/p>\",\r\n      \"align\": \"middle\",\r\n      \"row\": 5,\r\n      \"col\": 0,\r\n      \"colspan\": 12,\r\n      \"offsetx\": 0,\r\n      \"offsety\": 0,\r\n      \"spaceabove\": 0,\r\n      \"spacebelow\": 0,\r\n      \"yvel\": 1,\r\n      \"push\": 0,\r\n      \"relid\": 12,\r\n      \"absolute_position\": false,\r\n      \"frameOverflow\": \"\"\r\n    }\r\n  ]\r\n}","_links":{"self":[{"href":"https:\/\/wildental.ch\/index.php?rest_route=\/wp\/v2\/pages\/11","targetHints":{"allow":["GET"]}}],"collection":[{"href":"https:\/\/wildental.ch\/index.php?rest_route=\/wp\/v2\/pages"}],"about":[{"href":"https:\/\/wildental.ch\/index.php?rest_route=\/wp\/v2\/types\/page"}],"author":[{"embeddable":true,"href":"https:\/\/wildental.ch\/index.php?rest_route=\/wp\/v2\/users\/1"}],"replies":[{"embeddable":true,"href":"https:\/\/wildental.ch\/index.php?rest_route=%2Fwp%2Fv2%2Fcomments&post=11"}],"version-history":[{"count":0,"href":"https:\/\/wildental.ch\/index.php?rest_route=\/wp\/v2\/pages\/11\/revisions"}],"wp:attachment":[{"href":"https:\/\/wildental.ch\/index.php?rest_route=%2Fwp%2Fv2%2Fmedia&parent=11"}],"curies":[{"name":"wp","href":"https:\/\/api.w.org\/{rel}","templated":true}]}}