{"id":13,"date":"2022-10-11T21:01:31","date_gmt":"2022-10-11T21:01:31","guid":{"rendered":"https:\/\/wildental.ch\/?page_id=13"},"modified":"2026-03-30T09:52:47","modified_gmt":"2026-03-30T09:52:47","slug":"mitwirken","status":"publish","type":"page","link":"https:\/\/wildental.ch\/?page_id=13","title":{"rendered":"Projekt f\u00f6rdern &#8211; ALT"},"content":{"rendered":"","protected":false},"excerpt":{"rendered":"","protected":false},"author":1,"featured_media":0,"parent":0,"menu_order":20,"comment_status":"closed","ping_status":"closed","template":"","meta":[],"class_list":["post-13","page","type-page","status-publish","hentry"],"grid":"{\r\n  \"colCount\": 9,\r\n  \"colGutter\": 25,\r\n  \"rowGutters\": [\r\n    50,\r\n    50,\r\n    50,\r\n    50,\r\n    50,\r\n    50\r\n  ],\r\n  \"frameMargin\": 5,\r\n  \"leftFrameMargin\": 100,\r\n  \"rightFrameMargin\": 50,\r\n  \"topFrameMargin\": 100,\r\n  \"bottomFrameMargin\": 100,\r\n  \"rowAttrs\": [\r\n    {\r\n      \"rowcustomheight\": \"\",\r\n      \"relid\": 10\r\n    },\r\n    {\r\n      \"relid\": 1\r\n    },\r\n    {\r\n      \"relid\": 15\r\n    },\r\n    {\r\n      \"rowcustomheight\": \"\",\r\n      \"relid\": 11\r\n    },\r\n    {\r\n      \"rowcustomheight\": \"\",\r\n      \"relid\": 12\r\n    },\r\n    {\r\n      \"rowcustomheight\": \"\",\r\n      \"relid\": 13\r\n    },\r\n    {\r\n      \"rowcustomheight\": \"\",\r\n      \"relid\": 14\r\n    }\r\n  ],\r\n  \"bgColor\": null,\r\n  \"bgImage\": null,\r\n  \"cont\": [\r\n    {\r\n      \"type\": \"text\",\r\n      \"cont\": \"<h1 class=\\\"_H1\\\">Wir streben eine m\u00f6glichst hohe Eigenfinanzierung an.<\/h1><h1 class=\\\"_H2\\\">Es gibt verschiedene Formen, sich an der Finanzierung der Genossenschaft zu beteiligen und mitzuhelfen, wertvollen Lebensraum zu schaffen und Menschen mit besonderem Unterst\u00fctzungsbedarf ein stabiles Umfeld zu bieten.<\/h1>\",\r\n      \"align\": \"top\",\r\n      \"row\": 0,\r\n      \"col\": 2,\r\n      \"colspan\": 5,\r\n      \"offsetx\": 0,\r\n      \"offsety\": 0,\r\n      \"spaceabove\": 0,\r\n      \"spacebelow\": 0,\r\n      \"yvel\": 1,\r\n      \"push\": 2,\r\n      \"relid\": 4,\r\n      \"absolute_position\": false,\r\n      \"html_id\": \"mitwirken\"\r\n    },\r\n    {\r\n      \"type\": \"marquee\",\r\n      \"cont\": \"\",\r\n      \"align\": \"middle\",\r\n      \"row\": 1,\r\n      \"col\": 2,\r\n      \"colspan\": 6,\r\n      \"offsetx\": 0,\r\n      \"offsety\": 0,\r\n      \"spaceabove\": 0,\r\n      \"spacebelow\": 0,\r\n      \"yvel\": 1,\r\n      \"push\": 2,\r\n      \"relid\": 2,\r\n      \"config\": {\r\n        \"desktop\": {\r\n          \"spacebetween\": 10,\r\n          \"spacebetween_mu\": \"px\",\r\n          \"imageheight\": 50,\r\n          \"imageheight_mu\": \"px\",\r\n          \"spacetop\": 0,\r\n          \"spacetop_mu\": \"px\",\r\n          \"spacebottom\": 0,\r\n          \"spacebottom_mu\": \"px\",\r\n          \"speed\": 60\r\n        },\r\n        \"tablet\": {\r\n          \"spacebetween\": 10,\r\n          \"spacebetween_mu\": \"px\",\r\n          \"imageheight\": 50,\r\n          \"imageheight_mu\": \"px\",\r\n          \"spacetop\": 0,\r\n          \"spacetop_mu\": \"px\",\r\n          \"spacebottom\": 0,\r\n          \"spacebottom_mu\": \"px\",\r\n          \"speed\": 60\r\n        },\r\n        \"phone\": {\r\n          \"spacebetween\": 10,\r\n          \"spacebetween_mu\": \"px\",\r\n          \"imageheight\": 50,\r\n          \"imageheight_mu\": \"px\",\r\n          \"spacetop\": 0,\r\n          \"spacetop_mu\": \"px\",\r\n          \"spacebottom\": 0,\r\n          \"spacebottom_mu\": \"px\",\r\n          \"speed\": 60\r\n        },\r\n        \"speed\": 60,\r\n        \"reversedirection\": false,\r\n        \"startonscreen\": true,\r\n        \"textformat\": \"Default\",\r\n        \"pauseonhover\": false,\r\n        \"startonhover\": false,\r\n        \"alignment\": \"middle\",\r\n        \"elements\": [\r\n          {\r\n            \"cont\": \"<p><span style=\\\"color: #a60000;\\\">Diese Webseite wird zurzeit \u00fcberarbeitet. Einzelne Informationen k\u00f6nnen fehlerhaft sein. R\u00fcckfragen sind \u00fcber \\\"Kontakt\\\" m\u00f6glich.<\/span><\/p>\",\r\n            \"type\": \"text\"\r\n          }\r\n        ],\r\n        \"separator\": \"+ + +\",\r\n        \"borderTopWidth\": 0,\r\n        \"borderBottomWidth\": 0,\r\n        \"borderColor\": \"\",\r\n        \"backgroundColor\": \"\"\r\n      },\r\n      \"absolute_position\": false,\r\n      \"textAnimation\": {\r\n        \"enableTextAnimation\": false\r\n      }\r\n    },\r\n    {\r\n      \"type\": \"text\",\r\n      \"cont\": \"<p style=\\\"text-align: center;\\\"><a class=\\\"laybutton2 laybutton\\\" href=\\\"https:\/\/wildental.ch\/kontakt\/\\\" data-type=\\\"page\\\" data-id=\\\"2\\\" data-title=\\\"Kontakt\\\">Kontaktiere uns f\u00fcr weitere Ausk\u00fcnfte<\/a><\/p>\",\r\n      \"align\": \"top\",\r\n      \"row\": 2,\r\n      \"col\": 2,\r\n      \"colspan\": 5,\r\n      \"offsetx\": 0,\r\n      \"offsety\": 0,\r\n      \"spaceabove\": 0,\r\n      \"spacebelow\": 0,\r\n      \"yvel\": 1,\r\n      \"push\": 2,\r\n      \"relid\": 9,\r\n      \"absolute_position\": false\r\n    },\r\n    {\r\n      \"type\": \"text\",\r\n      \"cont\": \"<h1 class=\\\"_H2\\\">Anteilscheine (Genossenschaftskapital, unverzinst)<\/h1><p>Die Mindestzeichnung betr\u00e4gt pro erwachsene:n Bewohner:in CHF 5'000.- (10 Anteilscheine \u00e0 CHF 500.-) oder ein Mehrfaches davon. Die Laufzeit der Anteilscheine ist unbegrenzt. Sie beginnt am Tag nach der Einzahlung und endet mit der K\u00fcndigung durch die Gl\u00e4ubigerin \/ den Gl\u00e4ubiger nach den in den Statuten vorgesehenen Fristen. Das Anteilscheinkapital oder Teile davon k\u00f6nnen demnach unter Wahrung einer K\u00fcndigungsfrist von sechs Monaten auf Ende eines Gesch\u00e4ftsjahres gek\u00fcndigt werden.<\/p><p>Das Mindestkapital von CHF 5\u2019000.- pro erwachsene:n Bewohner:in kann jedoch erst mit Auszug aus der Wohnung gek\u00fcndigt werden.<\/p>\",\r\n      \"align\": \"top\",\r\n      \"row\": 3,\r\n      \"col\": 2,\r\n      \"colspan\": 5,\r\n      \"offsetx\": 0,\r\n      \"offsety\": 0,\r\n      \"spaceabove\": 0,\r\n      \"spacebelow\": 0,\r\n      \"yvel\": 1,\r\n      \"push\": 2,\r\n      \"relid\": 8,\r\n      \"absolute_position\": false\r\n    },\r\n    {\r\n      \"type\": \"text\",\r\n      \"cont\": \"<h1 class=\\\"_H2\\\">Darlehen (verzinst)<\/h1><p>Alternativ zur Zeichnung von Anteilscheinen kann der Genossenschaft f\u00fcr eine vereinbarte Laufzeit ein verzinsliches oder zinsloses Darlehen gew\u00e4hrt werden. Der Mindestbetrag liegt bei CHF 20'000.-. Ab Baufertigstellung werden Darlehen mit 1 % verzinst.<\/p>\",\r\n      \"align\": \"top\",\r\n      \"row\": 4,\r\n      \"col\": 2,\r\n      \"colspan\": 5,\r\n      \"offsetx\": 0,\r\n      \"offsety\": 0,\r\n      \"spaceabove\": 0,\r\n      \"spacebelow\": 0,\r\n      \"yvel\": 1,\r\n      \"push\": 2,\r\n      \"relid\": 5,\r\n      \"absolute_position\": false,\r\n      \"html_id\": \"Anteilsscheine\"\r\n    },\r\n    {\r\n      \"type\": \"text\",\r\n      \"cont\": \"<h1 class=\\\"_H2\\\">Solidarit\u00e4ts- und Nothilfefonds (zinslos)<\/h1><p class=\\\"_Default\\\"><span>Der Solidarit\u00e4ts- und Nothilfefonds unterst\u00fctzt einerseits Mieterinnen und Mieter, die die Mittel f\u00fcr die Anteilsscheine nicht aus eigener Kraft aufbringen k\u00f6nnen. F\u00f6rderinnen oder F\u00f6rderer leisten dem Fonds ein zinsloses Darlehen, um so finanzschw\u00e4chere Mietinteressenten:innen zu unterst\u00fctzen. Leistungen zur Finanzierung der Anteilsscheine sind namentlich an den unterst\u00fctzten Menschen gebunden und fliessen nach dessen Auszug zinslos an den Geldgebenden zur\u00fcck. Andererseits dient der Fonds auch als Nothilfefonds f\u00fcr bed\u00fcrftige, behinderte Menschen und Personen in Krisensituationen. Dies umfasst die Unterst\u00fctzung bei Wohn-, Pflege- und Lebenskosten, die \u00e0 fonds perdu an den namentlich bekannten Menschen (monatlich) ausgezahlt und somit nicht zur\u00fcckgezahlt wird. Diese Subventionen erm\u00f6glichen es diesen bed\u00fcrftigen Menschen, in einer respektvollen und w\u00fcrdigen Umgebung und Gesellschaft zu leben. Diese Hilfe soll nicht nur grundlegende Bed\u00fcrfnisse decken, sondern auch Perspektiven f\u00fcr eine verbesserte Lebenssituation schaffen, indem sie den Zugang zu angemessenem Wohnraum erleichtert und sozialen Zusammenhalt sowie individuelle Entfaltungsm\u00f6glichkeiten f\u00f6rdert.<\/span><\/p>\",\r\n      \"align\": \"top\",\r\n      \"row\": 5,\r\n      \"col\": 2,\r\n      \"colspan\": 5,\r\n      \"offsetx\": 0,\r\n      \"offsety\": 0,\r\n      \"spaceabove\": 0,\r\n      \"spacebelow\": 0,\r\n      \"yvel\": 1,\r\n      \"push\": 2,\r\n      \"relid\": 6,\r\n      \"absolute_position\": false,\r\n      \"html_id\": \"Solidarit\u00e4tsfonds\"\r\n    },\r\n    {\r\n      \"type\": \"text\",\r\n      \"cont\": \"<h1 class=\\\"_H2\\\">Schenkungen<\/h1><p class=\\\"_Default\\\">Die \u00abWohngenossenschaft TerraNea im Wildental Augst\u00bb ist gemeinn\u00fctzig und nicht gewinnorientiert. Vorstand und Bauausschuss arbeiten ehrenamtlich. Schenkungen verschaffen der Genossenschaft bei der Bew\u00e4ltigung ihrer Aufgaben und der Verwirklichung des Genossenschaftszwecks die n\u00f6tige Handlungsfreiheit.<\/p>\",\r\n      \"align\": \"top\",\r\n      \"row\": 6,\r\n      \"col\": 2,\r\n      \"colspan\": 5,\r\n      \"offsetx\": 0,\r\n      \"offsety\": 0,\r\n      \"spaceabove\": 0,\r\n      \"spacebelow\": 0,\r\n      \"yvel\": 1,\r\n      \"push\": 2,\r\n      \"relid\": 7,\r\n      \"absolute_position\": false,\r\n      \"html_id\": \"Schenkungen\"\r\n    }\r\n  ]\r\n}","phonegrid":"{\r\n  \"colCount\": 12,\r\n  \"colGutter\": 1,\r\n  \"rowGutters\": [\r\n    5,\r\n    5,\r\n    5,\r\n    5,\r\n    5,\r\n    5\r\n  ],\r\n  \"frameMargin\": 5,\r\n  \"leftFrameMargin\": 55,\r\n  \"rightFrameMargin\": 20,\r\n  \"topFrameMargin\": 5,\r\n  \"bottomFrameMargin\": 5,\r\n  \"rowAttrs\": [\r\n    {\r\n      \"relid\": 21\r\n    },\r\n    {\r\n      \"relid\": 3\r\n    },\r\n    {\r\n      \"relid\": 26\r\n    },\r\n    {\r\n      \"relid\": 22\r\n    },\r\n    {\r\n      \"relid\": 23\r\n    },\r\n    {\r\n      \"relid\": 24\r\n    },\r\n    {\r\n      \"relid\": 25\r\n    }\r\n  ],\r\n  \"bgColor\": null,\r\n  \"bgImage\": null,\r\n  \"cont\": [\r\n    {\r\n      \"type\": \"text\",\r\n      \"cont\": \"<h1 class=\\\"_H1\\\">Wir streben eine m\u00f6glichst hohe Eigenfinanzierung an.<\/h1><h1 class=\\\"_H2\\\">Es gibt verschiedene Formen, sich an der Finanzierung der Genossenschaft zu beteiligen und mitzuhelfen, wertvollen Lebensraum zu schaffen und Menschen mit besonderem Unterst\u00fctzungsbedarf ein stabiles Umfeld zu bieten.<\/h1>\",\r\n      \"align\": \"bottom\",\r\n      \"row\": 0,\r\n      \"col\": 0,\r\n      \"colspan\": 12,\r\n      \"offsetx\": 0,\r\n      \"offsety\": 0,\r\n      \"spaceabove\": 0,\r\n      \"spacebelow\": 0,\r\n      \"yvel\": 1,\r\n      \"push\": 0,\r\n      \"relid\": 4,\r\n      \"absolute_position\": false,\r\n      \"html_id\": \"mitwirken\",\r\n      \"frameOverflow\": \"\"\r\n    },\r\n    {\r\n      \"type\": \"marquee\",\r\n      \"cont\": \"\",\r\n      \"align\": \"middle\",\r\n      \"row\": 1,\r\n      \"col\": 0,\r\n      \"colspan\": 12,\r\n      \"offsetx\": 0,\r\n      \"offsety\": 0,\r\n      \"spaceabove\": 0,\r\n      \"spacebelow\": 0,\r\n      \"yvel\": 1,\r\n      \"push\": 0,\r\n      \"relid\": 2,\r\n      \"config\": {\r\n        \"desktop\": {\r\n          \"spacebetween\": 10,\r\n          \"spacebetween_mu\": \"px\",\r\n          \"imageheight\": 50,\r\n          \"imageheight_mu\": \"px\",\r\n          \"spacetop\": 0,\r\n          \"spacetop_mu\": \"px\",\r\n          \"spacebottom\": 0,\r\n          \"spacebottom_mu\": \"px\",\r\n          \"speed\": 60\r\n        },\r\n        \"tablet\": {\r\n          \"spacebetween\": 10,\r\n          \"spacebetween_mu\": \"px\",\r\n          \"imageheight\": 50,\r\n          \"imageheight_mu\": \"px\",\r\n          \"spacetop\": 0,\r\n          \"spacetop_mu\": \"px\",\r\n          \"spacebottom\": 0,\r\n          \"spacebottom_mu\": \"px\",\r\n          \"speed\": 60\r\n        },\r\n        \"phone\": {\r\n          \"spacebetween\": 10,\r\n          \"spacebetween_mu\": \"px\",\r\n          \"imageheight\": 50,\r\n          \"imageheight_mu\": \"px\",\r\n          \"spacetop\": 0,\r\n          \"spacetop_mu\": \"px\",\r\n          \"spacebottom\": 0,\r\n          \"spacebottom_mu\": \"px\",\r\n          \"speed\": 60\r\n        },\r\n        \"speed\": 60,\r\n        \"reversedirection\": false,\r\n        \"startonscreen\": true,\r\n        \"textformat\": \"Default\",\r\n        \"pauseonhover\": false,\r\n        \"startonhover\": false,\r\n        \"alignment\": \"middle\",\r\n        \"elements\": [\r\n          {\r\n            \"cont\": \"<p><span style=\\\"color: #a60000;\\\">Diese Webseite wird zurzeit \u00fcberarbeitet. Einzelne Informationen k\u00f6nnen fehlerhaft sein. R\u00fcckfragen sind \u00fcber \\\"Kontakt\\\" m\u00f6glich.<\/span><\/p>\",\r\n            \"type\": \"text\"\r\n          }\r\n        ],\r\n        \"separator\": \"+ + +\",\r\n        \"borderTopWidth\": 0,\r\n        \"borderBottomWidth\": 0,\r\n        \"borderColor\": \"\",\r\n        \"backgroundColor\": \"\"\r\n      },\r\n      \"absolute_position\": false,\r\n      \"textAnimation\": {\r\n        \"enableTextAnimation\": false\r\n      },\r\n      \"frameOverflow\": \"\"\r\n    },\r\n    {\r\n      \"type\": \"text\",\r\n      \"cont\": \"<p style=\\\"text-align: center;\\\"><a class=\\\"laybutton2 laybutton\\\" href=\\\"https:\/\/wildental.ch\/kontakt\/\\\" data-type=\\\"page\\\" data-id=\\\"2\\\" data-title=\\\"Kontakt\\\">Kontaktiere uns f\u00fcr weitere Ausk\u00fcnfte<\/a><\/p>\",\r\n      \"align\": \"bottom\",\r\n      \"row\": 2,\r\n      \"col\": 0,\r\n      \"colspan\": 12,\r\n      \"offsetx\": 0,\r\n      \"offsety\": 0,\r\n      \"spaceabove\": 0,\r\n      \"spacebelow\": 0,\r\n      \"yvel\": 1,\r\n      \"push\": 0,\r\n      \"relid\": 9,\r\n      \"absolute_position\": false,\r\n      \"html_id\": \"kontakt\",\r\n      \"frameOverflow\": \"\"\r\n    },\r\n    {\r\n      \"type\": \"text\",\r\n      \"cont\": \"<h1 class=\\\"_H2\\\">Anteilscheine (Genossenschaftskapital, unverzinst)<\/h1><p>Die Mindestzeichnung betr\u00e4gt pro erwachsene:n Bewohner:in CHF 5'000.- (10 Anteilscheine \u00e0 CHF 500.-) oder ein Mehrfaches davon. Die Laufzeit der Anteilscheine ist unbegrenzt. Sie beginnt am Tag nach der Einzahlung und endet mit der K\u00fcndigung durch die Gl\u00e4ubigerin \/ den Gl\u00e4ubiger nach den in den Statuten vorgesehenen Fristen. Das Anteilscheinkapital oder Teile davon k\u00f6nnen demnach unter Wahrung einer K\u00fcndigungsfrist von sechs Monaten auf Ende eines Gesch\u00e4ftsjahres gek\u00fcndigt werden.<\/p><p>Das Mindestkapital von CHF 5\u2019000.- pro erwachsene:n Bewohner:in kann jedoch erst mit Auszug aus der Wohnung gek\u00fcndigt werden.<\/p>\",\r\n      \"align\": \"bottom\",\r\n      \"row\": 3,\r\n      \"col\": 0,\r\n      \"colspan\": 12,\r\n      \"offsetx\": 0,\r\n      \"offsety\": 0,\r\n      \"spaceabove\": 0,\r\n      \"spacebelow\": 0,\r\n      \"yvel\": 1,\r\n      \"push\": 0,\r\n      \"relid\": 8,\r\n      \"absolute_position\": false,\r\n      \"frameOverflow\": \"\"\r\n    },\r\n    {\r\n      \"type\": \"text\",\r\n      \"cont\": \"<h1 class=\\\"_H2\\\">Darlehen (verzinst)<\/h1><p>Alternativ zur Zeichnung von Anteilscheinen kann der Genossenschaft f\u00fcr eine vereinbarte Laufzeit ein verzinsliches oder zinsloses Darlehen gew\u00e4hrt werden. Der Mindestbetrag liegt bei CHF 20'000.-. Ab Baufertigstellung werden Darlehen mit 1 % verzinst.<\/p>\",\r\n      \"align\": \"bottom\",\r\n      \"row\": 4,\r\n      \"col\": 0,\r\n      \"colspan\": 12,\r\n      \"offsetx\": 0,\r\n      \"offsety\": 0,\r\n      \"spaceabove\": 0,\r\n      \"spacebelow\": 0,\r\n      \"yvel\": 1,\r\n      \"push\": 0,\r\n      \"relid\": 5,\r\n      \"absolute_position\": false,\r\n      \"html_id\": \"Anteilsscheine\",\r\n      \"frameOverflow\": \"\"\r\n    },\r\n    {\r\n      \"type\": \"text\",\r\n      \"cont\": \"<h1 class=\\\"_H2\\\">Solidarit\u00e4ts- und Nothilfefonds (zinslos)<\/h1><p class=\\\"_Default\\\"><span>Der Solidarit\u00e4ts- und Nothilfefonds unterst\u00fctzt einerseits Mieterinnen und Mieter, die die Mittel f\u00fcr die Anteilsscheine nicht aus eigener Kraft aufbringen k\u00f6nnen. F\u00f6rderinnen oder F\u00f6rderer leisten dem Fonds ein zinsloses Darlehen, um so finanzschw\u00e4chere Mietinteressenten:innen zu unterst\u00fctzen. Leistungen zur Finanzierung der Anteilsscheine sind namentlich an den unterst\u00fctzten Menschen gebunden und fliessen nach dessen Auszug zinslos an den Geldgebenden zur\u00fcck. Andererseits dient der Fonds auch als Nothilfefonds f\u00fcr bed\u00fcrftige, behinderte Menschen und Personen in Krisensituationen. Dies umfasst die Unterst\u00fctzung bei Wohn-, Pflege- und Lebenskosten, die \u00e0 fonds perdu an den namentlich bekannten Menschen (monatlich) ausgezahlt und somit nicht zur\u00fcckgezahlt wird. Diese Subventionen erm\u00f6glichen es diesen bed\u00fcrftigen Menschen, in einer respektvollen und w\u00fcrdigen Umgebung und Gesellschaft zu leben. Diese Hilfe soll nicht nur grundlegende Bed\u00fcrfnisse decken, sondern auch Perspektiven f\u00fcr eine verbesserte Lebenssituation schaffen, indem sie den Zugang zu angemessenem Wohnraum erleichtert und sozialen Zusammenhalt sowie individuelle Entfaltungsm\u00f6glichkeiten f\u00f6rdert.<\/span><\/p>\",\r\n      \"align\": \"bottom\",\r\n      \"row\": 5,\r\n      \"col\": 0,\r\n      \"colspan\": 12,\r\n      \"offsetx\": 0,\r\n      \"offsety\": 0,\r\n      \"spaceabove\": 0,\r\n      \"spacebelow\": 0,\r\n      \"yvel\": 1,\r\n      \"push\": 0,\r\n      \"relid\": 6,\r\n      \"absolute_position\": false,\r\n      \"html_id\": \"Solidarit\u00e4tsfonds\"\r\n    },\r\n    {\r\n      \"type\": \"text\",\r\n      \"cont\": \"<h1 class=\\\"_H2\\\">Schenkungen<\/h1><p class=\\\"_Default\\\">Die \u00abWohngenossenschaft TerraNea im Wildental Augst\u00bb ist gemeinn\u00fctzig und nicht gewinnorientiert. Vorstand und Bauausschuss arbeiten ehrenamtlich. Schenkungen verschaffen der Genossenschaft bei der Bew\u00e4ltigung ihrer Aufgaben und der Verwirklichung des Genossenschaftszwecks die n\u00f6tige Handlungsfreiheit.<\/p>\",\r\n      \"align\": \"bottom\",\r\n      \"row\": 6,\r\n      \"col\": 0,\r\n      \"colspan\": 12,\r\n      \"offsetx\": 0,\r\n      \"offsety\": 0,\r\n      \"spaceabove\": 0,\r\n      \"spacebelow\": 0,\r\n      \"yvel\": 1,\r\n      \"push\": 0,\r\n      \"relid\": 7,\r\n      \"absolute_position\": false,\r\n      \"html_id\": \"Schenkungen\",\r\n      \"frameOverflow\": \"\"\r\n    }\r\n  ]\r\n}","_links":{"self":[{"href":"https:\/\/wildental.ch\/index.php?rest_route=\/wp\/v2\/pages\/13","targetHints":{"allow":["GET"]}}],"collection":[{"href":"https:\/\/wildental.ch\/index.php?rest_route=\/wp\/v2\/pages"}],"about":[{"href":"https:\/\/wildental.ch\/index.php?rest_route=\/wp\/v2\/types\/page"}],"author":[{"embeddable":true,"href":"https:\/\/wildental.ch\/index.php?rest_route=\/wp\/v2\/users\/1"}],"replies":[{"embeddable":true,"href":"https:\/\/wildental.ch\/index.php?rest_route=%2Fwp%2Fv2%2Fcomments&post=13"}],"version-history":[{"count":0,"href":"https:\/\/wildental.ch\/index.php?rest_route=\/wp\/v2\/pages\/13\/revisions"}],"wp:attachment":[{"href":"https:\/\/wildental.ch\/index.php?rest_route=%2Fwp%2Fv2%2Fmedia&parent=13"}],"curies":[{"name":"wp","href":"https:\/\/api.w.org\/{rel}","templated":true}]}}