{"id":424,"date":"2023-11-28T13:04:55","date_gmt":"2023-11-28T13:04:55","guid":{"rendered":"https:\/\/wildental.ch\/?page_id=424"},"modified":"2026-03-30T09:53:04","modified_gmt":"2026-03-30T09:53:04","slug":"faq","status":"publish","type":"page","link":"https:\/\/wildental.ch\/?page_id=424","title":{"rendered":"FAQ &#8211; ALT"},"content":{"rendered":"","protected":false},"excerpt":{"rendered":"","protected":false},"author":2,"featured_media":0,"parent":0,"menu_order":25,"comment_status":"closed","ping_status":"closed","template":"","meta":[],"class_list":["post-424","page","type-page","status-publish","hentry"],"grid":"{\r\n  \"colCount\": 9,\r\n  \"colGutter\": 25,\r\n  \"rowGutters\": [\r\n    25,\r\n    25\r\n  ],\r\n  \"frameMargin\": 5,\r\n  \"leftFrameMargin\": 100,\r\n  \"rightFrameMargin\": 50,\r\n  \"topFrameMargin\": 100,\r\n  \"mus\": {\r\n    \"colGutterMu\": \"px\",\r\n    \"rowGutterMu\": \"px\",\r\n    \"topFrameMu\": \"px\",\r\n    \"bottomFrameMu\": \"px\",\r\n    \"frameMu\": \"px\"\r\n  },\r\n  \"bottomFrameMargin\": 100,\r\n  \"rowAttrs\": [\r\n    {\r\n      \"relid\": 3\r\n    },\r\n    {\r\n      \"relid\": 5\r\n    },\r\n    {\r\n      \"relid\": 1\r\n    }\r\n  ],\r\n  \"bgColor\": null,\r\n  \"bgImage\": null,\r\n  \"cont\": [\r\n    {\r\n      \"type\": \"text\",\r\n      \"cont\": \"<h1 class=\\\"_H1\\\">FAQ<\/h1>\",\r\n      \"align\": \"middle\",\r\n      \"row\": 0,\r\n      \"col\": 2,\r\n      \"colspan\": 2,\r\n      \"offsetx\": 0,\r\n      \"offsety\": 0,\r\n      \"spaceabove\": 0,\r\n      \"spacebelow\": 0,\r\n      \"yvel\": 1,\r\n      \"push\": 2,\r\n      \"relid\": 7,\r\n      \"absolute_position\": false\r\n    },\r\n    {\r\n      \"type\": \"marquee\",\r\n      \"cont\": \"\",\r\n      \"align\": \"middle\",\r\n      \"row\": 1,\r\n      \"col\": 2,\r\n      \"colspan\": 5,\r\n      \"offsetx\": 0,\r\n      \"offsety\": 0,\r\n      \"spaceabove\": 0,\r\n      \"spacebelow\": 0,\r\n      \"yvel\": 1,\r\n      \"push\": 2,\r\n      \"relid\": 4,\r\n      \"config\": {\r\n        \"desktop\": {\r\n          \"spacebetween\": 10,\r\n          \"spacebetween_mu\": \"px\",\r\n          \"imageheight\": 50,\r\n          \"imageheight_mu\": \"px\",\r\n          \"spacetop\": 0,\r\n          \"spacetop_mu\": \"px\",\r\n          \"spacebottom\": 0,\r\n          \"spacebottom_mu\": \"px\",\r\n          \"speed\": 60\r\n        },\r\n        \"tablet\": {\r\n          \"spacebetween\": 10,\r\n          \"spacebetween_mu\": \"px\",\r\n          \"imageheight\": 50,\r\n          \"imageheight_mu\": \"px\",\r\n          \"spacetop\": 0,\r\n          \"spacetop_mu\": \"px\",\r\n          \"spacebottom\": 0,\r\n          \"spacebottom_mu\": \"px\",\r\n          \"speed\": 60\r\n        },\r\n        \"phone\": {\r\n          \"spacebetween\": 10,\r\n          \"spacebetween_mu\": \"px\",\r\n          \"imageheight\": 50,\r\n          \"imageheight_mu\": \"px\",\r\n          \"spacetop\": 0,\r\n          \"spacetop_mu\": \"px\",\r\n          \"spacebottom\": 0,\r\n          \"spacebottom_mu\": \"px\",\r\n          \"speed\": 60\r\n        },\r\n        \"speed\": 60,\r\n        \"reversedirection\": false,\r\n        \"startonscreen\": true,\r\n        \"textformat\": \"Default\",\r\n        \"pauseonhover\": false,\r\n        \"startonhover\": false,\r\n        \"alignment\": \"middle\",\r\n        \"elements\": [\r\n          {\r\n            \"cont\": \"<p><span style=\\\"color: #a60000;\\\">Diese Webseite wird zurzeit \u00fcberarbeitet. Einzelne Informationen k\u00f6nnen fehlerhaft sein. R\u00fcckfragen sind \u00fcber \\\"Kontakt\\\" m\u00f6glich.<\/span><\/p>\",\r\n            \"type\": \"text\"\r\n          }\r\n        ],\r\n        \"separator\": \"+ + +\",\r\n        \"borderTopWidth\": 0,\r\n        \"borderBottomWidth\": 0,\r\n        \"borderColor\": \"\",\r\n        \"backgroundColor\": \"\"\r\n      },\r\n      \"absolute_position\": false,\r\n      \"textAnimation\": {\r\n        \"enableTextAnimation\": false\r\n      }\r\n    },\r\n    {\r\n      \"type\": \"text\",\r\n      \"cont\": \"<p><strong><em>Nach welche Kriterien werden die Wohnungen vermietet?<\/em><\/strong><\/p><p>Um eine m\u00f6glichst hohe soziale Durchmischung zu erreichen, wird bei der Vergabe der Wohnungen unter anderem auf Alter, Geschlecht, Wohn- und Lebensform, sozialen Status oder besonderen Unterst\u00fctzungsbedarf geachtet<\/p><p><em><strong>Wie wird der Mietzins berechnet?<\/strong><\/em><\/p><p><span>Die Festlegung der Wohnungsmieten erfolgt nach dem Grundsatz der Kostenmiete (nicht gewinnorientiert).<\/span><\/p><p><em><strong>Was kosten die Anteilsscheine?<\/strong><\/em><\/p><p>CHF 5'000.- pro erwachsene Person.<\/p><p><em><strong>Gibt es eine Mindestbelegung?<\/strong><\/em><\/p><p>Ja. Die Formel lautet Anzahl Zimmer - 1 = Mindestbelegung (halbe Zimmer werden abgerundet).<\/p><p><em><strong>Wie l\u00e4uft der Bewerbungsprozess ab?<\/strong><\/em><\/p><ol style=\\\"font-weight: 400;\\\"><li>Pers\u00f6nliches Vorgespr\u00e4ch;<\/li><li>Ausf\u00fcllen und Einreichen eines verbindlichen Anmeldeformulars mit detaillierten Angaben;<\/li><li>Pr\u00fcfung der Anmeldeformulare durch die Genossenschaft;<\/li><li>Pers\u00f6nliches Gespr\u00e4ch mit Genossenschaftsvertretern;<\/li><li>Auswahlverfahren und Zusage;<\/li><li>Abschluss Mietvertrag;<\/li><li>Zeichnung der Genossenschaftsanteile und Wohnungsbeitr\u00e4ge.<\/li><\/ol><p><em><strong>Wann kann ich einziehen?<\/strong><\/em><\/p><p>Gem. heutigem Planungsstand (Sept. 2025) sind die Wohnungen ab Sommer 2027 bezugsbereit.<\/p><p><em><strong>Was steht an gemeinschaftlichen Nutzungen zur Verf\u00fcgung?<\/strong><\/em><\/p><p>Saal f\u00fcr Veranstaltungen, Werkstatt, Gemeinschaftsk\u00fcche, grossz\u00fcgige Gartenanlage, Waschr\u00e4ume, Co-Working Space.<\/p><p><em><strong>Gibt es vor Ort Parkpl\u00e4tze?<\/strong><\/em><\/p><p>Ja. Es hat gen\u00fcgend ober- und unterirdische Stamm- und Besucherparkpl\u00e4tze, die zum Teil mit einer Ladestation f\u00fcr E-Mobilit\u00e4t ausger\u00fcstet sind.<\/p><p><em><strong>Wie kann ich die Genossenschaftsidee f\u00f6rdern?<\/strong><\/em><\/p><p>F\u00fcr Personen, die den Genossenschaftszweck f\u00f6rdern, aber nicht selbst im Wildental leben m\u00f6chten, stehen verschiedene M\u00f6glichkeiten zur Verf\u00fcgung. <a href=\\\"https:\/\/wildental.ch\/mitwirken\/\\\" data-id=\\\"13\\\" data-title=\\\"Mitwirken\\\" data-type=\\\"page\\\">Siehe Mitwirken<\/a>.<\/p>\",\r\n      \"align\": \"top\",\r\n      \"row\": 2,\r\n      \"col\": 2,\r\n      \"colspan\": 5,\r\n      \"offsetx\": 0,\r\n      \"offsety\": 0,\r\n      \"spaceabove\": 0,\r\n      \"spacebelow\": 0,\r\n      \"yvel\": 1,\r\n      \"push\": 2,\r\n      \"relid\": 2,\r\n      \"absolute_position\": false\r\n    }\r\n  ]\r\n}","phonegrid":"","_links":{"self":[{"href":"https:\/\/wildental.ch\/index.php?rest_route=\/wp\/v2\/pages\/424","targetHints":{"allow":["GET"]}}],"collection":[{"href":"https:\/\/wildental.ch\/index.php?rest_route=\/wp\/v2\/pages"}],"about":[{"href":"https:\/\/wildental.ch\/index.php?rest_route=\/wp\/v2\/types\/page"}],"author":[{"embeddable":true,"href":"https:\/\/wildental.ch\/index.php?rest_route=\/wp\/v2\/users\/2"}],"replies":[{"embeddable":true,"href":"https:\/\/wildental.ch\/index.php?rest_route=%2Fwp%2Fv2%2Fcomments&post=424"}],"version-history":[{"count":0,"href":"https:\/\/wildental.ch\/index.php?rest_route=\/wp\/v2\/pages\/424\/revisions"}],"wp:attachment":[{"href":"https:\/\/wildental.ch\/index.php?rest_route=%2Fwp%2Fv2%2Fmedia&parent=424"}],"curies":[{"name":"wp","href":"https:\/\/api.w.org\/{rel}","templated":true}]}}