{"id":824,"date":"2025-05-22T09:06:45","date_gmt":"2025-05-22T09:06:45","guid":{"rendered":"https:\/\/wildental.ch\/?page_id=824"},"modified":"2026-03-30T09:52:35","modified_gmt":"2026-03-30T09:52:35","slug":"retreat-apartments","status":"publish","type":"page","link":"https:\/\/wildental.ch\/?page_id=824","title":{"rendered":"Retreat-Apartments &#8211; ALT"},"content":{"rendered":"","protected":false},"excerpt":{"rendered":"","protected":false},"author":2,"featured_media":0,"parent":0,"menu_order":17,"comment_status":"closed","ping_status":"closed","template":"","meta":[],"class_list":["post-824","page","type-page","status-publish","hentry"],"grid":"{\r\n  \"colCount\": 9,\r\n  \"colGutter\": 25,\r\n  \"rowGutters\": [\r\n    25,\r\n    25,\r\n    25\r\n  ],\r\n  \"frameMargin\": 5,\r\n  \"leftFrameMargin\": 100,\r\n  \"rightFrameMargin\": 50,\r\n  \"topFrameMargin\": 100,\r\n  \"mus\": {\r\n    \"colGutterMu\": \"px\",\r\n    \"rowGutterMu\": \"px\",\r\n    \"topFrameMu\": \"px\",\r\n    \"bottomFrameMu\": \"px\",\r\n    \"frameMu\": \"px\"\r\n  },\r\n  \"bottomFrameMargin\": 100,\r\n  \"rowAttrs\": [\r\n    {\r\n      \"relid\": 1\r\n    },\r\n    {\r\n      \"relid\": 4\r\n    },\r\n    {\r\n      \"relid\": 6\r\n    },\r\n    {\r\n      \"relid\": 14\r\n    }\r\n  ],\r\n  \"bgColor\": null,\r\n  \"bgImage\": null,\r\n  \"cont\": [\r\n    {\r\n      \"type\": \"text\",\r\n      \"cont\": \"<h1 class=\\\"_H2\\\">Retreat-Apartments<\/h1>\",\r\n      \"align\": \"top\",\r\n      \"row\": 0,\r\n      \"col\": 2,\r\n      \"colspan\": 6,\r\n      \"offsetx\": 0,\r\n      \"offsety\": 0,\r\n      \"spaceabove\": 0,\r\n      \"spacebelow\": 0,\r\n      \"yvel\": 1,\r\n      \"push\": 2,\r\n      \"relid\": 2,\r\n      \"absolute_position\": false\r\n    },\r\n    {\r\n      \"type\": \"marquee\",\r\n      \"cont\": \"\",\r\n      \"align\": \"middle\",\r\n      \"row\": 1,\r\n      \"col\": 2,\r\n      \"colspan\": 6,\r\n      \"offsetx\": 0,\r\n      \"offsety\": 0,\r\n      \"spaceabove\": 0,\r\n      \"spacebelow\": 0,\r\n      \"yvel\": 1,\r\n      \"push\": 2,\r\n      \"relid\": 5,\r\n      \"config\": {\r\n        \"desktop\": {\r\n          \"spacebetween\": 10,\r\n          \"spacebetween_mu\": \"px\",\r\n          \"imageheight\": 50,\r\n          \"imageheight_mu\": \"px\",\r\n          \"spacetop\": 0,\r\n          \"spacetop_mu\": \"px\",\r\n          \"spacebottom\": 0,\r\n          \"spacebottom_mu\": \"px\",\r\n          \"speed\": 60\r\n        },\r\n        \"tablet\": {\r\n          \"spacebetween\": 10,\r\n          \"spacebetween_mu\": \"px\",\r\n          \"imageheight\": 50,\r\n          \"imageheight_mu\": \"px\",\r\n          \"spacetop\": 0,\r\n          \"spacetop_mu\": \"px\",\r\n          \"spacebottom\": 0,\r\n          \"spacebottom_mu\": \"px\",\r\n          \"speed\": 60\r\n        },\r\n        \"phone\": {\r\n          \"spacebetween\": 10,\r\n          \"spacebetween_mu\": \"px\",\r\n          \"imageheight\": 50,\r\n          \"imageheight_mu\": \"px\",\r\n          \"spacetop\": 0,\r\n          \"spacetop_mu\": \"px\",\r\n          \"spacebottom\": 0,\r\n          \"spacebottom_mu\": \"px\",\r\n          \"speed\": 60\r\n        },\r\n        \"speed\": 60,\r\n        \"reversedirection\": false,\r\n        \"startonscreen\": true,\r\n        \"textformat\": \"Default\",\r\n        \"pauseonhover\": false,\r\n        \"startonhover\": false,\r\n        \"alignment\": \"middle\",\r\n        \"elements\": [\r\n          {\r\n            \"cont\": \"<p><span style=\\\"color: #a60000;\\\">Diese Webseite wird zurzeit \u00fcberarbeitet. Einzelne Informationen k\u00f6nnen fehlerhaft sein. R\u00fcckfragen sind \u00fcber \\\"Kontakt\\\" m\u00f6glich.<\/span><\/p>\",\r\n            \"type\": \"text\"\r\n          }\r\n        ],\r\n        \"separator\": \"+ + +\",\r\n        \"borderTopWidth\": 0,\r\n        \"borderBottomWidth\": 0,\r\n        \"borderColor\": \"\",\r\n        \"backgroundColor\": \"\"\r\n      },\r\n      \"absolute_position\": false,\r\n      \"textAnimation\": {\r\n        \"enableTextAnimation\": false\r\n      }\r\n    },\r\n    {\r\n      \"type\": \"text\",\r\n      \"cont\": \"<p class=\\\"_Default\\\" style=\\\"font-weight: 400;\\\"><span>Die Retreat-Apartments bieten tempor\u00e4ren Wohnraum und Unterst\u00fctzung f\u00fcr Menschen in \u00dcbergangsphasen oder Krisensituationen. Sie richten sich an Personen, die aufgrund famili\u00e4rer, beruflicher oder gesundheitlicher Herausforderungen eine vor\u00fcbergehende Unterkunft ben\u00f6tigen, sowie an Menschen mit Behinderungen, die eine Auszeit in einer unterst\u00fctzenden Umgebung suchen. Die Apartments bieten Zugang zu den Gemeinschaftseinrichtungen, wodurch eine hohe Lebensqualit\u00e4t und soziale Integration gew\u00e4hrleistet werden.<\/span><\/p>\",\r\n      \"align\": \"middle\",\r\n      \"row\": 2,\r\n      \"col\": 2,\r\n      \"colspan\": 6,\r\n      \"offsetx\": 0,\r\n      \"offsety\": 0,\r\n      \"spaceabove\": 0,\r\n      \"spacebelow\": 0,\r\n      \"yvel\": 1,\r\n      \"push\": 2,\r\n      \"relid\": 7,\r\n      \"absolute_position\": false\r\n    },\r\n    {\r\n      \"type\": \"text\",\r\n      \"cont\": \"<table border=\\\"0\\\"><tbody><tr><td><strong>Nr.<\/strong><\/td><td><strong>Info<\/strong><\/td><td><strong>Etage<\/strong><\/td><td><strong>WFL<\/strong><\/td><td><strong>Zimmer<\/strong><\/td><td><strong>Anteilsschein<\/strong><\/td><\/tr><tr><td>3b<\/td><td><a rel=\\\"noopener\\\" href=\\\"https:\/\/wildental.ch\/wp-content\/uploads\/2025\/11\/251129_Vermietungsplan-Whg-3B-RETREAT.pdf\\\" target=\\\"_blank\\\">Link<\/a><\/td><td>1. OG<\/td><td>22 m2<\/td><td>1,0<\/td><td>CHF 47'000<\/td><\/tr><tr><td>5a*<\/td><td><a rel=\\\"noopener\\\" href=\\\"https:\/\/wildental.ch\/wp-content\/uploads\/2025\/11\/251129_Vermietungsplan-Whg-5AB-RETREAT.pdf\\\" target=\\\"_blank\\\">Link<\/a><\/td><td>EG<\/td><td>33 m2<\/td><td>1,5<\/td><td>CHF 70'000<\/td><\/tr><tr><td>5b*<\/td><td><a rel=\\\"noopener\\\" href=\\\"https:\/\/wildental.ch\/wp-content\/uploads\/2025\/11\/251129_Vermietungsplan-Whg-5AB-RETREAT.pdf\\\" target=\\\"_blank\\\">Link<\/a><\/td><td>EG<\/td><td>33 m2<\/td><td>1,5<\/td><td>CHF 70'000<\/td><\/tr><tr><td>12b<\/td><td><a rel=\\\"noopener\\\" href=\\\"https:\/\/wildental.ch\/wp-content\/uploads\/2025\/11\/251129_Vermietungsplan-Whg-12B-RETREAT.pdf\\\" target=\\\"_blank\\\">Link<\/a><\/td><td>DG<\/td><td>59 m2<\/td><td>2,5<\/td><td>CHF 125'000<\/td><\/tr><tr><td>13b<\/td><td><a rel=\\\"noopener\\\" href=\\\"https:\/\/wildental.ch\/wp-content\/uploads\/2025\/11\/251129_Vermietungsplan-Whg-13B-RETREAT.pdf\\\" target=\\\"_blank\\\">Link<\/a><\/td><td>DG<\/td><td>63 m2<\/td><td>2,5<\/td><td>CHF 135'000<\/td><\/tr><\/tbody><\/table><p>* Whg. 5 a &amp; b teilen sich eine Gemeinschaftsk\u00fcche\u00a0<\/p><p>Kooperationspartner erhalten Mitsprachenm\u00f6glichkeiten bei notwendigen Anpassungen und der Gestaltung der Wohnungen, sofern diese nicht bereits durch die bestehende Baubewilligung festgelegt sind. Dazu k\u00f6nnen beispielsweise bauliche Nachr\u00fcstungen wie ein Treppenlift oder St\u00fctzklappgriffe geh\u00f6ren.<\/p>\",\r\n      \"align\": \"top\",\r\n      \"row\": 3,\r\n      \"col\": 2,\r\n      \"colspan\": 6,\r\n      \"offsetx\": 0,\r\n      \"offsety\": 0,\r\n      \"spaceabove\": 0,\r\n      \"spacebelow\": 0,\r\n      \"yvel\": 1,\r\n      \"push\": 2,\r\n      \"relid\": 15,\r\n      \"absolute_position\": false,\r\n      \"textAnimation\": {\r\n        \"enableTextAnimation\": false\r\n      }\r\n    }\r\n  ]\r\n}","phonegrid":"{\r\n  \"colCount\": 12,\r\n  \"colGutter\": 1,\r\n  \"rowGutters\": [\r\n    5,\r\n    5,\r\n    5\r\n  ],\r\n  \"frameMargin\": 5,\r\n  \"topFrameMargin\": 5,\r\n  \"rightFrameMargin\": 20,\r\n  \"bottomFrameMargin\": 5,\r\n  \"leftFrameMargin\": 55,\r\n  \"mus\": {\r\n    \"colGutterMu\": \"%\",\r\n    \"rowGutterMu\": \"%\",\r\n    \"topFrameMu\": \"%\",\r\n    \"bottomFrameMu\": \"%\",\r\n    \"frameMu\": \"px\"\r\n  },\r\n  \"rowAttrs\": [\r\n    {\r\n      \"relid\": 3\r\n    },\r\n    {\r\n      \"relid\": 12\r\n    },\r\n    {\r\n      \"relid\": 11\r\n    },\r\n    {\r\n      \"relid\": 10\r\n    }\r\n  ],\r\n  \"bgColor\": null,\r\n  \"bgImage\": null,\r\n  \"cont\": [\r\n    {\r\n      \"type\": \"text\",\r\n      \"cont\": \"<h1 class=\\\"_H2\\\">Retreat-Apartments<\/h1>\",\r\n      \"align\": \"middle\",\r\n      \"row\": 0,\r\n      \"col\": 0,\r\n      \"colspan\": 12,\r\n      \"offsetx\": 0,\r\n      \"offsety\": 0,\r\n      \"spaceabove\": 0,\r\n      \"spacebelow\": 0,\r\n      \"yvel\": 1,\r\n      \"push\": 0,\r\n      \"relid\": 2,\r\n      \"absolute_position\": false,\r\n      \"frameOverflow\": \"\"\r\n    },\r\n    {\r\n      \"type\": \"marquee\",\r\n      \"cont\": \"\",\r\n      \"align\": \"middle\",\r\n      \"row\": 1,\r\n      \"col\": 0,\r\n      \"colspan\": 12,\r\n      \"offsetx\": 0,\r\n      \"offsety\": 0,\r\n      \"spaceabove\": 0,\r\n      \"spacebelow\": 0,\r\n      \"yvel\": 1,\r\n      \"push\": 0,\r\n      \"relid\": 13,\r\n      \"config\": {\r\n        \"desktop\": {\r\n          \"spacebetween\": 10,\r\n          \"spacebetween_mu\": \"px\",\r\n          \"imageheight\": 50,\r\n          \"imageheight_mu\": \"px\",\r\n          \"spacetop\": 0,\r\n          \"spacetop_mu\": \"px\",\r\n          \"spacebottom\": 0,\r\n          \"spacebottom_mu\": \"px\",\r\n          \"speed\": 60\r\n        },\r\n        \"tablet\": {\r\n          \"spacebetween\": 10,\r\n          \"spacebetween_mu\": \"px\",\r\n          \"imageheight\": 50,\r\n          \"imageheight_mu\": \"px\",\r\n          \"spacetop\": 0,\r\n          \"spacetop_mu\": \"px\",\r\n          \"spacebottom\": 0,\r\n          \"spacebottom_mu\": \"px\",\r\n          \"speed\": 60\r\n        },\r\n        \"phone\": {\r\n          \"spacebetween\": 10,\r\n          \"spacebetween_mu\": \"px\",\r\n          \"imageheight\": 50,\r\n          \"imageheight_mu\": \"px\",\r\n          \"spacetop\": 0,\r\n          \"spacetop_mu\": \"px\",\r\n          \"spacebottom\": 0,\r\n          \"spacebottom_mu\": \"px\",\r\n          \"speed\": 60\r\n        },\r\n        \"speed\": 60,\r\n        \"reversedirection\": false,\r\n        \"startonscreen\": true,\r\n        \"textformat\": \"Default\",\r\n        \"pauseonhover\": false,\r\n        \"startonhover\": false,\r\n        \"alignment\": \"middle\",\r\n        \"elements\": [\r\n          {\r\n            \"cont\": \"<p><span style=\\\"color: #a60000;\\\">Diese Webseite wird zurzeit \u00fcberarbeitet. Einzelne Informationen k\u00f6nnen fehlerhaft sein. R\u00fcckfragen sind \u00fcber \\\"Kontakt\\\" m\u00f6glich.<\/span><\/p>\",\r\n            \"type\": \"text\"\r\n          }\r\n        ],\r\n        \"separator\": \"+ + +\",\r\n        \"borderTopWidth\": 0,\r\n        \"borderBottomWidth\": 0,\r\n        \"borderColor\": \"\",\r\n        \"backgroundColor\": \"\"\r\n      },\r\n      \"absolute_position\": false,\r\n      \"textAnimation\": {\r\n        \"enableTextAnimation\": false\r\n      },\r\n      \"frameOverflow\": \"\"\r\n    },\r\n    {\r\n      \"type\": \"text\",\r\n      \"cont\": \"<p class=\\\"_Default\\\" style=\\\"font-weight: 400;\\\"><span>Die Retreat-Apartments bieten tempor\u00e4ren Wohnraum und Unterst\u00fctzung f\u00fcr Menschen in \u00dcbergangsphasen oder Krisensituationen. Sie richten sich an Personen, die aufgrund famili\u00e4rer, beruflicher oder gesundheitlicher Herausforderungen eine vor\u00fcbergehende Unterkunft ben\u00f6tigen, sowie an Menschen mit Behinderungen, die eine Auszeit in einer unterst\u00fctzenden Umgebung suchen. Die Apartments bieten Zugang zu den Gemeinschaftseinrichtungen, wodurch eine hohe Lebensqualit\u00e4t und soziale Integration gew\u00e4hrleistet werden.<\/span><\/p>\",\r\n      \"align\": \"middle\",\r\n      \"row\": 2,\r\n      \"col\": 0,\r\n      \"colspan\": 12,\r\n      \"offsetx\": 0,\r\n      \"offsety\": 0,\r\n      \"spaceabove\": 0,\r\n      \"spacebelow\": 0,\r\n      \"yvel\": 1,\r\n      \"push\": 0,\r\n      \"relid\": 7,\r\n      \"absolute_position\": false,\r\n      \"frameOverflow\": \"\"\r\n    },\r\n    {\r\n      \"type\": \"text\",\r\n      \"cont\": \"<table border=\\\"0\\\"><tbody><tr><td><strong>Nr.<\/strong><\/td><td><strong>Info<\/strong><\/td><td><strong>Etage<\/strong><\/td><td><strong>WFL<\/strong><\/td><td><strong>Zimmer<\/strong><\/td><td><strong>Anteilsschein<\/strong><\/td><\/tr><tr><td>3b<\/td><td><a rel=\\\"noopener\\\" href=\\\"https:\/\/wildental.ch\/wp-content\/uploads\/2025\/11\/251129_Vermietungsplan-Whg-3B-RETREAT.pdf\\\" target=\\\"_blank\\\">Link<\/a><\/td><td>1. OG<\/td><td>22 m2<\/td><td>1,0<\/td><td>CHF 47'000<\/td><\/tr><tr><td>5a*<\/td><td><a rel=\\\"noopener\\\" href=\\\"https:\/\/wildental.ch\/wp-content\/uploads\/2025\/11\/251129_Vermietungsplan-Whg-5AB-RETREAT.pdf\\\" target=\\\"_blank\\\">Link<\/a><\/td><td>EG<\/td><td>33 m2<\/td><td>1,5<\/td><td>CHF 70'000<\/td><\/tr><tr><td>5b*<\/td><td><a rel=\\\"noopener\\\" href=\\\"https:\/\/wildental.ch\/wp-content\/uploads\/2025\/11\/251129_Vermietungsplan-Whg-5AB-RETREAT.pdf\\\" target=\\\"_blank\\\">Link<\/a><\/td><td>EG<\/td><td>33 m2<\/td><td>1,5<\/td><td>CHF 70'000<\/td><\/tr><tr><td>12b<\/td><td><a rel=\\\"noopener\\\" href=\\\"https:\/\/wildental.ch\/wp-content\/uploads\/2025\/11\/251129_Vermietungsplan-Whg-12B-RETREAT.pdf\\\" target=\\\"_blank\\\">Link<\/a><\/td><td>DG<\/td><td>59 m2<\/td><td>2,5<\/td><td>CHF 125'000<\/td><\/tr><tr><td>13b<\/td><td><a rel=\\\"noopener\\\" href=\\\"https:\/\/wildental.ch\/wp-content\/uploads\/2025\/11\/251129_Vermietungsplan-Whg-13B-RETREAT.pdf\\\" target=\\\"_blank\\\">Link<\/a><\/td><td>DG<\/td><td>63 m2<\/td><td>2,5<\/td><td>CHF 135'000<\/td><\/tr><\/tbody><\/table><p>* Whg. 5 a &amp; b teilen sich eine Gemeinschaftsk\u00fcche\u00a0<\/p><p>Kooperationspartner erhalten Mitsprachenm\u00f6glichkeiten bei notwendigen Anpassungen und der Gestaltung der Wohnungen, sofern diese nicht bereits durch die bestehende Baubewilligung festgelegt sind. Dazu k\u00f6nnen beispielsweise bauliche Nachr\u00fcstungen wie ein Treppenlift oder St\u00fctzklappgriffe geh\u00f6ren.<\/p>\",\r\n      \"align\": \"middle\",\r\n      \"row\": 3,\r\n      \"col\": 0,\r\n      \"colspan\": 12,\r\n      \"offsetx\": 0,\r\n      \"offsety\": 0,\r\n      \"spaceabove\": 0,\r\n      \"spacebelow\": 0,\r\n      \"yvel\": 1,\r\n      \"push\": 0,\r\n      \"relid\": 15,\r\n      \"absolute_position\": false,\r\n      \"textAnimation\": {\r\n        \"enableTextAnimation\": false\r\n      },\r\n      \"frameOverflow\": \"\"\r\n    }\r\n  ]\r\n}","_links":{"self":[{"href":"https:\/\/wildental.ch\/index.php?rest_route=\/wp\/v2\/pages\/824","targetHints":{"allow":["GET"]}}],"collection":[{"href":"https:\/\/wildental.ch\/index.php?rest_route=\/wp\/v2\/pages"}],"about":[{"href":"https:\/\/wildental.ch\/index.php?rest_route=\/wp\/v2\/types\/page"}],"author":[{"embeddable":true,"href":"https:\/\/wildental.ch\/index.php?rest_route=\/wp\/v2\/users\/2"}],"replies":[{"embeddable":true,"href":"https:\/\/wildental.ch\/index.php?rest_route=%2Fwp%2Fv2%2Fcomments&post=824"}],"version-history":[{"count":0,"href":"https:\/\/wildental.ch\/index.php?rest_route=\/wp\/v2\/pages\/824\/revisions"}],"wp:attachment":[{"href":"https:\/\/wildental.ch\/index.php?rest_route=%2Fwp%2Fv2%2Fmedia&parent=824"}],"curies":[{"name":"wp","href":"https:\/\/api.w.org\/{rel}","templated":true}]}}