{"id":885,"date":"2026-03-19T13:50:35","date_gmt":"2026-03-19T13:50:35","guid":{"rendered":"https:\/\/wildental.ch\/?page_id=885"},"modified":"2026-05-06T07:41:54","modified_gmt":"2026-05-06T07:41:54","slug":"willkommen-copy","status":"publish","type":"page","link":"https:\/\/wildental.ch\/?page_id=885","title":{"rendered":"Willkommen"},"content":{"rendered":"","protected":false},"excerpt":{"rendered":"","protected":false},"author":3,"featured_media":0,"parent":0,"menu_order":1,"comment_status":"closed","ping_status":"closed","template":"","meta":[],"class_list":["post-885","page","type-page","status-publish","hentry"],"grid":"{\r\n  \"colCount\": 9,\r\n  \"colGutter\": 25,\r\n  \"rowGutters\": [\r\n    50,\r\n    50,\r\n    50,\r\n    50,\r\n    25\r\n  ],\r\n  \"frameMargin\": 5,\r\n  \"leftFrameMargin\": 100,\r\n  \"rightFrameMargin\": 50,\r\n  \"topFrameMargin\": 100,\r\n  \"bottomFrameMargin\": 100,\r\n  \"rowAttrs\": [\r\n    {\r\n      \"relid\": 7\r\n    },\r\n    {\r\n      \"relid\": 2\r\n    },\r\n    {\r\n      \"relid\": 8\r\n    },\r\n    {\r\n      \"relid\": 9\r\n    },\r\n    {\r\n      \"relid\": 17\r\n    },\r\n    {\r\n      \"relid\": 10\r\n    }\r\n  ],\r\n  \"bgColor\": null,\r\n  \"bgImage\": null,\r\n  \"cont\": [\r\n    {\r\n      \"type\": \"text\",\r\n      \"cont\": \"<h1 class=\\\"_H1\\\"><span style=\\\"font-size: 75px;\\\">Willkommen im Wildental!<\/span><\/h1><h1 class=\\\"_H2\\\"><span style=\\\"font-size: 30px;\\\">Im Wildental triffst du Menschen, die in einer bunten Nachbarschaft leben und einen nachhaltigen, solidarischen und von Inklusion gepr\u00e4gten Lebensstil pflegen \u2013 und bereit sind, sich aktiv f\u00fcr diese Werte einzusetzen.<\/span><\/h1>\",\r\n      \"align\": \"top\",\r\n      \"row\": 0,\r\n      \"col\": 2,\r\n      \"colspan\": 6,\r\n      \"offsetx\": 0,\r\n      \"offsety\": 0,\r\n      \"spaceabove\": 0,\r\n      \"spacebelow\": 0,\r\n      \"yvel\": 1,\r\n      \"push\": 2,\r\n      \"relid\": 4,\r\n      \"absolute_position\": false,\r\n      \"frameOverflow\": \"\",\r\n      \"dosync\": false\r\n    },\r\n    {\r\n      \"type\": \"text\",\r\n      \"cont\": \"<h1 class=\\\"_H2\\\" style=\\\"text-align: left;\\\"><span style=\\\"color: #8f72a8;\\\"><strong>AUFRICHTE im Herbst 2026 | <\/strong><strong>BEZUG im Sommer 2027<\/strong><\/span><\/h1>\",\r\n      \"align\": \"top\",\r\n      \"row\": 1,\r\n      \"col\": 2,\r\n      \"colspan\": 6,\r\n      \"offsetx\": 0,\r\n      \"offsety\": 0,\r\n      \"spaceabove\": 0,\r\n      \"spacebelow\": 0,\r\n      \"yvel\": 1,\r\n      \"push\": 2,\r\n      \"relid\": 3,\r\n      \"absolute_position\": false\r\n    },\r\n    {\r\n      \"type\": \"carousel\",\r\n      \"cont\": \"\",\r\n      \"align\": \"top\",\r\n      \"row\": 2,\r\n      \"col\": 2,\r\n      \"colspan\": 6,\r\n      \"offsetx\": 0,\r\n      \"offsety\": 0,\r\n      \"spaceabove\": 0,\r\n      \"spacebelow\": 0,\r\n      \"yvel\": 1,\r\n      \"push\": 2,\r\n      \"relid\": 1,\r\n      \"carousel_options\": {\r\n        \"random\": false,\r\n        \"autoplay\": true,\r\n        \"showMultipleSlides\": false,\r\n        \"freeScroll\": false,\r\n        \"mousewheelScroll\": false,\r\n        \"size\": \"aspectRatioOfFirstElement\",\r\n        \"slidesWidth\": \"null\",\r\n        \"transition\": \"fading\",\r\n        \"loop\": true,\r\n        \"spaceBetween\": 0,\r\n        \"captionsUnderSlides\": false,\r\n        \"autoplaySpeed\": 3000,\r\n        \"autoplayDelay\": 0,\r\n        \"transitionSpeed\": 750,\r\n        \"fillSlides\": false,\r\n        \"disableClick\": false\r\n      },\r\n      \"carousel\": [\r\n        {\r\n          \"type\": \"img\",\r\n          \"attid\": 954,\r\n          \"cont\": \"\/wp-content\/uploads\/2026\/05\/20260401_Sichelen_Wildetal_Vogelperspektive_FINAL.jpg\",\r\n          \"sizes\": {\r\n            \"full\": \"\/wp-content\/uploads\/2026\/05\/20260401_Sichelen_Wildetal_Vogelperspektive_FINAL.jpg\",\r\n            \"_3200\": \"\/wp-content\/uploads\/2026\/05\/20260401_Sichelen_Wildetal_Vogelperspektive_FINAL-3200x2133.jpg\",\r\n            \"_2560\": \"\/wp-content\/uploads\/2026\/05\/20260401_Sichelen_Wildetal_Vogelperspektive_FINAL-2560x1706.jpg\",\r\n            \"_1920\": \"\/wp-content\/uploads\/2026\/05\/20260401_Sichelen_Wildetal_Vogelperspektive_FINAL-1920x1280.jpg\",\r\n            \"_1280\": \"\/wp-content\/uploads\/2026\/05\/20260401_Sichelen_Wildetal_Vogelperspektive_FINAL-1280x853.jpg\",\r\n            \"_1024\": \"\/wp-content\/uploads\/2026\/05\/20260401_Sichelen_Wildetal_Vogelperspektive_FINAL-1024x683.jpg\",\r\n            \"_768\": \"\/wp-content\/uploads\/2026\/05\/20260401_Sichelen_Wildetal_Vogelperspektive_FINAL-768x512.jpg\",\r\n            \"_512\": \"\/wp-content\/uploads\/2026\/05\/20260401_Sichelen_Wildetal_Vogelperspektive_FINAL-512x341.jpg\",\r\n            \"_265\": \"\/wp-content\/uploads\/2026\/05\/20260401_Sichelen_Wildetal_Vogelperspektive_FINAL-265x177.jpg\"\r\n          },\r\n          \"w\": 3500,\r\n          \"h\": 2333,\r\n          \"ar\": 0.6665714285714286,\r\n          \"alt\": \"\"\r\n        }\r\n      ],\r\n      \"absolute_position\": false\r\n    },\r\n    {\r\n      \"type\": \"text\",\r\n      \"cont\": \"<p><span style=\\\"letter-spacing: 0em; text-indent: 0em;\\\">Im Wildental gibt es viel zu entdecken: Auf einem rund <\/span><strong style=\\\"letter-spacing: 0em; text-indent: 0em;\\\">3\u2019000 m\u00b2 grossen Grundst\u00fcck<\/strong><span style=\\\"letter-spacing: 0em; text-indent: 0em;\\\"> entfaltet sich in der malerischen Umgebung der R\u00f6merstadt Augusta Raurica eine beeindruckende Vielfalt an nat\u00fcrlichen Ressourcen. Grossz\u00fcgige, <\/span><strong style=\\\"letter-spacing: 0em; text-indent: 0em;\\\">naturnahe Aussenbereiche<\/strong><span style=\\\"letter-spacing: 0em; text-indent: 0em;\\\"> laden zum Verweilen und Mitgestalten ein \u2013 mit einem lebendigen Gemeinschaftsplatz, Spielpl\u00e4tzen, einem Naturteich, Gem\u00fcseg\u00e4rten, Permakulturfl\u00e4chen, Obstb\u00e4umen und Kleintierhaltung.<\/span><\/p><p data-start=\\\"435\\\" data-end=\\\"738\\\">Die <strong>moderne Architektur wurde nach ausgewogenen Kriterien konzipiert<\/strong> und verbindet Nachhaltigkeit mit zeitgem\u00e4ssem Wohnkomfort. Insgesamt stehen 18 unterschiedliche Wohnungen zur Verf\u00fcgung, die sich f\u00fcr verschiedenste Lebensformen und -phasen eignen.<\/p><p data-start=\\\"740\\\" data-end=\\\"1104\\\">Erg\u00e4nzt wird das Angebot durch <strong>gemeinschaftlich genutzte R\u00e4ume und Werkst\u00e4tten<\/strong>, die Raum f\u00fcr kreative, handwerkliche und soziale Aktivit\u00e4ten schaffen. <strong>Die Nachbarschaft ist bunt und vielf\u00e4ltig<\/strong>: Familien mit Kindern, Paare, Einzelpersonen, \u00e4ltere Menschen sowie Menschen mit besonderem Unterst\u00fctzungsbedarf leben hier miteinander und gestalten den Alltag gemeinsam.<\/p><p data-start=\\\"0\\\" data-end=\\\"446\\\">Das Leben im Wildental er\u00f6ffnet vielf\u00e4ltige M\u00f6glichkeiten, eigene F\u00e4higkeiten und Ressourcen einzubringen und die <strong>Genossenschaft aktiv mitzugestalten<\/strong>. In unterschiedlichen Formaten werden zentrale programmatische und betriebliche Themen gemeinsam diskutiert.\u00a0\u00dcber den Einzug hinaus sind die Bewohnenden eingeladen, ihren Wohnraum weiterhin aktiv mitzugestalten und Verantwortung f\u00fcr die gemeinschaftlich genutzten Fl\u00e4chen zu \u00fcbernehmen.<\/p>\",\r\n      \"align\": \"top\",\r\n      \"row\": 3,\r\n      \"col\": 2,\r\n      \"colspan\": 6,\r\n      \"offsetx\": 0,\r\n      \"offsety\": 0,\r\n      \"spaceabove\": 0,\r\n      \"spacebelow\": 0,\r\n      \"yvel\": 1,\r\n      \"push\": 2,\r\n      \"relid\": 5,\r\n      \"absolute_position\": false,\r\n      \"frameOverflow\": \"\"\r\n    },\r\n    {\r\n      \"type\": \"text\",\r\n      \"cont\": \"<p style=\\\"text-align: center;\\\"><a class=\\\"laybutton2 laybutton\\\" href=\\\"https:\/\/wildental.ch\/?page_id=886\\\" data-id=\\\"886\\\" data-title=\\\"Projekt - Entwurf\\\" data-type=\\\"page\\\">Zum Projekt<\/a><\/p>\",\r\n      \"align\": \"middle\",\r\n      \"row\": 4,\r\n      \"col\": 2,\r\n      \"colspan\": 6,\r\n      \"offsetx\": 0,\r\n      \"offsety\": 0,\r\n      \"spaceabove\": 0,\r\n      \"spacebelow\": 0,\r\n      \"yvel\": 1,\r\n      \"push\": 2,\r\n      \"relid\": 18,\r\n      \"absolute_position\": false,\r\n      \"frameOverflow\": \"\"\r\n    },\r\n    {\r\n      \"type\": \"text\",\r\n      \"cont\": \"<p style=\\\"text-align: center;\\\"><a class=\\\"laybutton2 laybutton\\\" href=\\\"https:\/\/wildental.ch\/?page_id=894\\\" data-id=\\\"894\\\" data-title=\\\"Wohnungsangebot - Entwurf\\\" data-type=\\\"page\\\">Zum Wohnungsangebot<\/a><\/p>\",\r\n      \"align\": \"top\",\r\n      \"row\": 5,\r\n      \"col\": 2,\r\n      \"colspan\": 6,\r\n      \"offsetx\": 0,\r\n      \"offsety\": 0,\r\n      \"spaceabove\": 0,\r\n      \"spacebelow\": 0,\r\n      \"yvel\": 1,\r\n      \"push\": 2,\r\n      \"relid\": 12,\r\n      \"absolute_position\": false,\r\n      \"frameOverflow\": \"\"\r\n    }\r\n  ]\r\n}","phonegrid":"{\r\n  \"colCount\": 12,\r\n  \"colGutter\": 1,\r\n  \"rowGutters\": [\r\n    5,\r\n    5,\r\n    5,\r\n    5,\r\n    5,\r\n    5\r\n  ],\r\n  \"frameMargin\": 5,\r\n  \"leftFrameMargin\": 55,\r\n  \"rightFrameMargin\": 20,\r\n  \"topFrameMargin\": 5,\r\n  \"bottomFrameMargin\": 5,\r\n  \"rowAttrs\": [\r\n    {\r\n      \"relid\": 22\r\n    },\r\n    {\r\n      \"relid\": 24\r\n    },\r\n    {\r\n      \"relid\": 6\r\n    },\r\n    {\r\n      \"relid\": 20\r\n    },\r\n    {\r\n      \"relid\": 21\r\n    },\r\n    {\r\n      \"relid\": 19\r\n    },\r\n    {\r\n      \"relid\": 13\r\n    }\r\n  ],\r\n  \"bgColor\": null,\r\n  \"bgImage\": null,\r\n  \"cont\": [\r\n    {\r\n      \"type\": \"text\",\r\n      \"cont\": \"<h1 class=\\\"_H1\\\"><span style=\\\"font-size: 50px;\\\">Willkommen<\/span><\/h1>\",\r\n      \"align\": \"middle\",\r\n      \"row\": 0,\r\n      \"col\": 0,\r\n      \"colspan\": 12,\r\n      \"offsetx\": 0,\r\n      \"offsety\": 0,\r\n      \"spaceabove\": 0,\r\n      \"spacebelow\": 0,\r\n      \"yvel\": 1,\r\n      \"push\": 0,\r\n      \"relid\": 23,\r\n      \"absolute_position\": false,\r\n      \"dosync\": false\r\n    },\r\n    {\r\n      \"type\": \"text\",\r\n      \"cont\": \"<h1 class=\\\"_H2\\\"><span style=\\\"font-size: 20px;\\\">Im Wildental triffst du Menschen, die in einer bunten Nachbarschaft leben und einen nachhaltigen, solidarischen und von Inklusion gepr\u00e4gten Lebensstil pflegen \u2013 und bereit sind, sich aktiv f\u00fcr diese Werte einzusetzen.<\/span><\/h1>\",\r\n      \"align\": \"middle\",\r\n      \"row\": 1,\r\n      \"col\": 0,\r\n      \"colspan\": 12,\r\n      \"offsetx\": 0,\r\n      \"offsety\": 0,\r\n      \"spaceabove\": 0,\r\n      \"spacebelow\": 0,\r\n      \"yvel\": 1,\r\n      \"push\": 0,\r\n      \"relid\": 25,\r\n      \"absolute_position\": false,\r\n      \"frameOverflow\": \"\"\r\n    },\r\n    {\r\n      \"type\": \"text\",\r\n      \"cont\": \"<h1 class=\\\"_H2\\\" style=\\\"text-align: left;\\\"><span style=\\\"color: #8f72a8;\\\"><strong>AUFRICHTE im Herbst 2026 | <\/strong><strong>BEZUG im Sommer 2027<\/strong><\/span><\/h1>\",\r\n      \"align\": \"top\",\r\n      \"row\": 2,\r\n      \"col\": 0,\r\n      \"colspan\": 12,\r\n      \"offsetx\": 0,\r\n      \"offsety\": 0,\r\n      \"spaceabove\": 0,\r\n      \"spacebelow\": 0,\r\n      \"yvel\": 1,\r\n      \"push\": 0,\r\n      \"relid\": 3,\r\n      \"absolute_position\": false,\r\n      \"frameOverflow\": \"\"\r\n    },\r\n    {\r\n      \"type\": \"carousel\",\r\n      \"cont\": \"\",\r\n      \"align\": \"middle\",\r\n      \"row\": 3,\r\n      \"col\": 0,\r\n      \"colspan\": 12,\r\n      \"offsetx\": 0,\r\n      \"offsety\": 0,\r\n      \"spaceabove\": 0,\r\n      \"spacebelow\": 0,\r\n      \"yvel\": 1,\r\n      \"push\": 0,\r\n      \"relid\": 1,\r\n      \"carousel_options\": {\r\n        \"random\": false,\r\n        \"autoplay\": true,\r\n        \"showMultipleSlides\": false,\r\n        \"freeScroll\": false,\r\n        \"mousewheelScroll\": false,\r\n        \"size\": \"aspectRatioOfFirstElement\",\r\n        \"slidesWidth\": \"null\",\r\n        \"transition\": \"fading\",\r\n        \"loop\": true,\r\n        \"spaceBetween\": 0,\r\n        \"captionsUnderSlides\": false,\r\n        \"autoplaySpeed\": 3000,\r\n        \"autoplayDelay\": 0,\r\n        \"transitionSpeed\": 750,\r\n        \"fillSlides\": false,\r\n        \"disableClick\": false\r\n      },\r\n      \"carousel\": [\r\n        {\r\n          \"type\": \"img\",\r\n          \"attid\": 954,\r\n          \"cont\": \"\/wp-content\/uploads\/2026\/05\/20260401_Sichelen_Wildetal_Vogelperspektive_FINAL.jpg\",\r\n          \"sizes\": {\r\n            \"full\": \"\/wp-content\/uploads\/2026\/05\/20260401_Sichelen_Wildetal_Vogelperspektive_FINAL.jpg\",\r\n            \"_3200\": \"\/wp-content\/uploads\/2026\/05\/20260401_Sichelen_Wildetal_Vogelperspektive_FINAL-3200x2133.jpg\",\r\n            \"_2560\": \"\/wp-content\/uploads\/2026\/05\/20260401_Sichelen_Wildetal_Vogelperspektive_FINAL-2560x1706.jpg\",\r\n            \"_1920\": \"\/wp-content\/uploads\/2026\/05\/20260401_Sichelen_Wildetal_Vogelperspektive_FINAL-1920x1280.jpg\",\r\n            \"_1280\": \"\/wp-content\/uploads\/2026\/05\/20260401_Sichelen_Wildetal_Vogelperspektive_FINAL-1280x853.jpg\",\r\n            \"_1024\": \"\/wp-content\/uploads\/2026\/05\/20260401_Sichelen_Wildetal_Vogelperspektive_FINAL-1024x683.jpg\",\r\n            \"_768\": \"\/wp-content\/uploads\/2026\/05\/20260401_Sichelen_Wildetal_Vogelperspektive_FINAL-768x512.jpg\",\r\n            \"_512\": \"\/wp-content\/uploads\/2026\/05\/20260401_Sichelen_Wildetal_Vogelperspektive_FINAL-512x341.jpg\",\r\n            \"_265\": \"\/wp-content\/uploads\/2026\/05\/20260401_Sichelen_Wildetal_Vogelperspektive_FINAL-265x177.jpg\"\r\n          },\r\n          \"w\": 3500,\r\n          \"h\": 2333,\r\n          \"ar\": 0.6665714285714286,\r\n          \"alt\": \"\"\r\n        }\r\n      ],\r\n      \"absolute_position\": false,\r\n      \"frameOverflow\": \"\"\r\n    },\r\n    {\r\n      \"type\": \"text\",\r\n      \"cont\": \"<p><span style=\\\"letter-spacing: 0em; text-indent: 0em;\\\">Im Wildental gibt es viel zu entdecken: Auf einem rund <\/span><strong style=\\\"letter-spacing: 0em; text-indent: 0em;\\\">3\u2019000 m\u00b2 grossen Grundst\u00fcck<\/strong><span style=\\\"letter-spacing: 0em; text-indent: 0em;\\\"> entfaltet sich in der malerischen Umgebung der R\u00f6merstadt Augusta Raurica eine beeindruckende Vielfalt an nat\u00fcrlichen Ressourcen. Grossz\u00fcgige, <\/span><strong style=\\\"letter-spacing: 0em; text-indent: 0em;\\\">naturnahe Aussenbereiche<\/strong><span style=\\\"letter-spacing: 0em; text-indent: 0em;\\\"> laden zum Verweilen und Mitgestalten ein \u2013 mit einem lebendigen Gemeinschaftsplatz, Spielpl\u00e4tzen, einem Naturteich, Gem\u00fcseg\u00e4rten, Permakulturfl\u00e4chen, Obstb\u00e4umen und Kleintierhaltung.<\/span><\/p><p data-start=\\\"435\\\" data-end=\\\"738\\\">Die <strong>moderne Architektur wurde nach ausgewogenen Kriterien konzipiert<\/strong> und verbindet Nachhaltigkeit mit zeitgem\u00e4ssem Wohnkomfort. Insgesamt stehen 18 unterschiedliche Wohnungen zur Verf\u00fcgung, die sich f\u00fcr verschiedenste Lebensformen und -phasen eignen.<\/p><p data-start=\\\"740\\\" data-end=\\\"1104\\\">Erg\u00e4nzt wird das Angebot durch <strong>gemeinschaftlich genutzte R\u00e4ume und Werkst\u00e4tten<\/strong>, die Raum f\u00fcr kreative, handwerkliche und soziale Aktivit\u00e4ten schaffen. <strong>Die Nachbarschaft ist bunt und vielf\u00e4ltig<\/strong>: Familien mit Kindern, Paare, Einzelpersonen, \u00e4ltere Menschen sowie Menschen mit besonderem Unterst\u00fctzungsbedarf leben hier miteinander und gestalten den Alltag gemeinsam.<\/p><p data-start=\\\"0\\\" data-end=\\\"446\\\">Das Leben im Wildental er\u00f6ffnet vielf\u00e4ltige M\u00f6glichkeiten, eigene F\u00e4higkeiten und Ressourcen einzubringen und die <strong>Genossenschaft aktiv mitzugestalten<\/strong>. In unterschiedlichen Formaten werden zentrale programmatische und betriebliche Themen gemeinsam diskutiert.\u00a0\u00dcber den Einzug hinaus sind die Bewohnenden eingeladen, ihren Wohnraum weiterhin aktiv mitzugestalten und Verantwortung f\u00fcr die gemeinschaftlich genutzten Fl\u00e4chen zu \u00fcbernehmen.<\/p>\",\r\n      \"align\": \"bottom\",\r\n      \"row\": 4,\r\n      \"col\": 0,\r\n      \"colspan\": 12,\r\n      \"offsetx\": 0,\r\n      \"offsety\": 0,\r\n      \"spaceabove\": 0,\r\n      \"spacebelow\": 0,\r\n      \"yvel\": 1,\r\n      \"push\": 0,\r\n      \"relid\": 5,\r\n      \"absolute_position\": false\r\n    },\r\n    {\r\n      \"type\": \"text\",\r\n      \"cont\": \"<p style=\\\"text-align: center;\\\"><a class=\\\"laybutton2 laybutton\\\" href=\\\"https:\/\/wildental.ch\/?page_id=886\\\" data-id=\\\"886\\\" data-title=\\\"Projekt - Entwurf\\\" data-type=\\\"page\\\">Zum Projekt<\/a><\/p>\",\r\n      \"align\": \"middle\",\r\n      \"row\": 5,\r\n      \"col\": 2,\r\n      \"colspan\": 8,\r\n      \"offsetx\": 0,\r\n      \"offsety\": 0,\r\n      \"spaceabove\": 0,\r\n      \"spacebelow\": 0,\r\n      \"yvel\": 1,\r\n      \"push\": 2,\r\n      \"relid\": 18,\r\n      \"absolute_position\": false,\r\n      \"frameOverflow\": \"\"\r\n    },\r\n    {\r\n      \"type\": \"text\",\r\n      \"cont\": \"<p style=\\\"text-align: center;\\\"><a class=\\\"laybutton2 laybutton\\\" href=\\\"https:\/\/wildental.ch\/?page_id=894\\\" data-id=\\\"894\\\" data-title=\\\"Wohnungsangebot - Entwurf\\\" data-type=\\\"page\\\">Zum Wohnungsangebot<\/a><\/p>\",\r\n      \"align\": \"middle\",\r\n      \"row\": 6,\r\n      \"col\": 0,\r\n      \"colspan\": 12,\r\n      \"offsetx\": 0,\r\n      \"offsety\": 0,\r\n      \"spaceabove\": 0,\r\n      \"spacebelow\": 0,\r\n      \"yvel\": 1,\r\n      \"push\": 0,\r\n      \"relid\": 12,\r\n      \"absolute_position\": false,\r\n      \"frameOverflow\": \"\"\r\n    }\r\n  ]\r\n}","_links":{"self":[{"href":"https:\/\/wildental.ch\/index.php?rest_route=\/wp\/v2\/pages\/885","targetHints":{"allow":["GET"]}}],"collection":[{"href":"https:\/\/wildental.ch\/index.php?rest_route=\/wp\/v2\/pages"}],"about":[{"href":"https:\/\/wildental.ch\/index.php?rest_route=\/wp\/v2\/types\/page"}],"author":[{"embeddable":true,"href":"https:\/\/wildental.ch\/index.php?rest_route=\/wp\/v2\/users\/3"}],"replies":[{"embeddable":true,"href":"https:\/\/wildental.ch\/index.php?rest_route=%2Fwp%2Fv2%2Fcomments&post=885"}],"version-history":[{"count":0,"href":"https:\/\/wildental.ch\/index.php?rest_route=\/wp\/v2\/pages\/885\/revisions"}],"wp:attachment":[{"href":"https:\/\/wildental.ch\/index.php?rest_route=%2Fwp%2Fv2%2Fmedia&parent=885"}],"curies":[{"name":"wp","href":"https:\/\/api.w.org\/{rel}","templated":true}]}}