{"id":909,"date":"2026-03-25T08:40:12","date_gmt":"2026-03-25T08:40:12","guid":{"rendered":"https:\/\/wildental.ch\/?page_id=909"},"modified":"2026-05-06T07:48:41","modified_gmt":"2026-05-06T07:48:41","slug":"retreat-apartments-copy","status":"publish","type":"page","link":"https:\/\/wildental.ch\/?page_id=909","title":{"rendered":"Projektidee"},"content":{"rendered":"","protected":false},"excerpt":{"rendered":"","protected":false},"author":3,"featured_media":0,"parent":0,"menu_order":3,"comment_status":"closed","ping_status":"closed","template":"","meta":[],"class_list":["post-909","page","type-page","status-publish","hentry"],"grid":"{\r\n  \"colCount\": 9,\r\n  \"colGutter\": 25,\r\n  \"rowGutters\": [\r\n    50\r\n  ],\r\n  \"frameMargin\": 5,\r\n  \"leftFrameMargin\": 100,\r\n  \"rightFrameMargin\": 50,\r\n  \"topFrameMargin\": 100,\r\n  \"mus\": {\r\n    \"colGutterMu\": \"px\",\r\n    \"rowGutterMu\": \"px\",\r\n    \"topFrameMu\": \"px\",\r\n    \"bottomFrameMu\": \"px\",\r\n    \"frameMu\": \"px\"\r\n  },\r\n  \"bottomFrameMargin\": 100,\r\n  \"rowAttrs\": [\r\n    {\r\n      \"relid\": 4\r\n    },\r\n    {\r\n      \"relid\": 14\r\n    }\r\n  ],\r\n  \"bgColor\": null,\r\n  \"bgImage\": null,\r\n  \"cont\": [\r\n    {\r\n      \"type\": \"text\",\r\n      \"cont\": \"<h1 class=\\\"_H1\\\"><span style=\\\"font-size: 75px;\\\">Projektidee<\/span><\/h1><h1 class=\\\"_H2\\\"><span>Nach jahrelanger Zusammenarbeit in verschiedenen sozialen Projekten ist in uns der Wunsch gewachsen, einen Ort zu schaffen, der mehr als nur Wohnraum bietet. So entstand die Idee f\u00fcr das Wildental-Projekt \u2013 ein integratives Wohnkonzept, das unsere gelebten Werte mit einer neuen Form des Miteinanders vereint.<\/span><\/h1>\",\r\n      \"align\": \"top\",\r\n      \"row\": 0,\r\n      \"col\": 2,\r\n      \"colspan\": 6,\r\n      \"offsetx\": 0,\r\n      \"offsety\": 0,\r\n      \"spaceabove\": 0,\r\n      \"spacebelow\": 0,\r\n      \"yvel\": 1,\r\n      \"push\": 2,\r\n      \"relid\": 5,\r\n      \"absolute_position\": false,\r\n      \"pxwidth\": null,\r\n      \"classes\": \"up\"\r\n    },\r\n    {\r\n      \"type\": \"text\",\r\n      \"cont\": \"<p data-start=\\\"0\\\" data-end=\\\"348\\\">Unser Projekt soll Menschen in unterschiedlichen Lebenssituationen Stabilit\u00e4t bieten \u2013 sei es tempor\u00e4r oder dauerhaft. Besonders f\u00fcr Personen in sozialen, physischen oder psychischen Herausforderungen m\u00f6chten wir ein sicheres Umfeld schaffen, das Halt und Orientierung gibt. Aus diesem Anspruch heraus ist die Idee der <strong>Auszeit-Wohnungen<\/strong> entstanden.<\/p><p data-start=\\\"350\\\" data-end=\\\"924\\\">Krise leitet sich aus dem Griechischen ab und bedeutet unter anderem Entscheidung, Wende oder Zuspitzung. Jede:r von uns erlebt im Leben solche Momente \u2013 entscheidend ist dabei, in welchem Umfeld und mit welcher Unterst\u00fctzung wir ihnen begegnen. Ein tragendes, sicheres Umfeld kann dazu beitragen, Krisen nicht nur auszuhalten, sondern als M\u00f6glichkeit f\u00fcr Entwicklung und Neuorientierung zu begreifen. Genau hier setzen die Auszeit-Wohnungen an: Sie bieten einen gesch\u00fctzten Raum f\u00fcr R\u00fcckzug, in dem Menschen zur Ruhe kommen und sich Zeit f\u00fcr eine pers\u00f6nliche Wende nehmen k\u00f6nnen und sind zugleich in eine solidarische Gemeinschaft eingebettet.<\/p><p data-start=\\\"926\\\" data-end=\\\"1290\\\">Die Gemeinschaft TerraNea begleitet seit vielen Jahren Menschen in Krisensituationen und schafft Orte, an denen sie einfach sein d\u00fcrfen, ohne dass ihr gesamtes Dasein infrage gestellt wird.\u00a0Wir sind daran, herauszufinden, wie wir als Genossenschaft diese Auszeit-Wohnungen organisieren und betreiben k\u00f6nnen. Daf\u00fcr sind wir auf finanzielle Unterst\u00fctzung (<strong><a href=\\\"https:\/\/wildental.ch\/?page_id=896\\\" data-id=\\\"896\\\" data-title=\\\"Projektf\u00f6rderung - Entwurf\\\" data-type=\\\"page\\\">Projektf\u00f6rderung<\/a><\/strong>) von aussen angewiesen und stehen im Austausch mit verschiedenen Institutionen und Stiftungen. Neben der Planung unseres zuk\u00fcnftigen Lebensraums ist dieser Prozess ein wichtiger Bestandteil unserer genossenschaftlichen Arbeit. Er erm\u00f6glicht es uns, als Gemeinschaft mit neuen Menschen zusammenzuwachsen, unsere T\u00fcren und Herzen f\u00fcr neue Impulse zu \u00f6ffnen und mit Zuversicht und Dankbarkeit auf unseren gemeinsamen Ort zu blicken.<\/p><p data-start=\\\"1885\\\" data-end=\\\"2082\\\">Menschen, die sich mit eigenen Ideen einbringen oder diesen Prozess mitgestalten m\u00f6chten \u2013 sei es als Bewohnende oder als externe Interessierte \u2013 sind herzlich eingeladen, sich bei uns zu melden.<\/p>\",\r\n      \"align\": \"top\",\r\n      \"row\": 1,\r\n      \"col\": 2,\r\n      \"colspan\": 6,\r\n      \"offsetx\": 0,\r\n      \"offsety\": 0,\r\n      \"spaceabove\": 0,\r\n      \"spacebelow\": 0,\r\n      \"yvel\": 1,\r\n      \"push\": 2,\r\n      \"relid\": 8,\r\n      \"absolute_position\": false,\r\n      \"textAnimation\": {\r\n        \"enableTextAnimation\": false\r\n      }\r\n    }\r\n  ]\r\n}","phonegrid":"{\r\n  \"colCount\": 12,\r\n  \"colGutter\": 1,\r\n  \"rowGutters\": [\r\n    5,\r\n    5\r\n  ],\r\n  \"frameMargin\": 5,\r\n  \"topFrameMargin\": 5,\r\n  \"rightFrameMargin\": 20,\r\n  \"bottomFrameMargin\": 5,\r\n  \"leftFrameMargin\": 55,\r\n  \"mus\": {\r\n    \"colGutterMu\": \"%\",\r\n    \"rowGutterMu\": \"%\",\r\n    \"topFrameMu\": \"%\",\r\n    \"bottomFrameMu\": \"%\",\r\n    \"frameMu\": \"px\"\r\n  },\r\n  \"rowAttrs\": [\r\n    {\r\n      \"relid\": 6\r\n    },\r\n    {\r\n      \"relid\": 3\r\n    },\r\n    {\r\n      \"relid\": 11\r\n    }\r\n  ],\r\n  \"bgColor\": null,\r\n  \"bgImage\": null,\r\n  \"cont\": [\r\n    {\r\n      \"type\": \"text\",\r\n      \"cont\": \"<h1 class=\\\"_H1\\\"><span style=\\\"font-size: 50px;\\\">Projektidee<\/span><\/h1>\",\r\n      \"align\": \"top\",\r\n      \"row\": 0,\r\n      \"col\": 0,\r\n      \"colspan\": 12,\r\n      \"offsetx\": 0,\r\n      \"offsety\": 0,\r\n      \"spaceabove\": 0,\r\n      \"spacebelow\": 0,\r\n      \"yvel\": 1,\r\n      \"push\": 0,\r\n      \"relid\": 7,\r\n      \"absolute_position\": false\r\n    },\r\n    {\r\n      \"type\": \"text\",\r\n      \"cont\": \"<h1 class=\\\"_H2\\\"><span>Nach jahrelanger Zusammenarbeit in verschiedenen sozialen Projekten ist in uns der Wunsch gewachsen, einen Ort zu schaffen, der mehr als nur Wohnraum bietet. So entstand die Idee f\u00fcr das Wildental-Projekt \u2013 ein integratives Wohnkonzept, das unsere gelebten Werte mit einer neuen Form des Miteinanders vereint.<\/span><\/h1>\",\r\n      \"align\": \"top\",\r\n      \"row\": 1,\r\n      \"col\": 0,\r\n      \"colspan\": 12,\r\n      \"offsetx\": 0,\r\n      \"offsety\": 0,\r\n      \"spaceabove\": 0,\r\n      \"spacebelow\": 0,\r\n      \"yvel\": 1,\r\n      \"push\": 0,\r\n      \"relid\": 1,\r\n      \"absolute_position\": false,\r\n      \"dosync\": false\r\n    },\r\n    {\r\n      \"type\": \"text\",\r\n      \"cont\": \"<p data-start=\\\"0\\\" data-end=\\\"348\\\">Unser Projekt soll Menschen in unterschiedlichen Lebenssituationen Stabilit\u00e4t bieten \u2013 sei es tempor\u00e4r oder dauerhaft. Besonders f\u00fcr Personen in sozialen, physischen oder psychischen Herausforderungen m\u00f6chten wir ein sicheres Umfeld schaffen, das Halt und Orientierung gibt. Aus diesem Anspruch heraus ist die Idee der <strong>Auszeit-Wohnungen<\/strong> entstanden.<\/p><p data-start=\\\"350\\\" data-end=\\\"924\\\">Krise leitet sich aus dem Griechischen ab und bedeutet unter anderem Entscheidung, Wende oder Zuspitzung. Jede:r von uns erlebt im Leben solche Momente \u2013 entscheidend ist dabei, in welchem Umfeld und mit welcher Unterst\u00fctzung wir ihnen begegnen. Ein tragendes, sicheres Umfeld kann dazu beitragen, Krisen nicht nur auszuhalten, sondern als M\u00f6glichkeit f\u00fcr Entwicklung und Neuorientierung zu begreifen. Genau hier setzen die Auszeit-Wohnungen an: Sie bieten einen gesch\u00fctzten Raum f\u00fcr R\u00fcckzug, in dem Menschen zur Ruhe kommen und sich Zeit f\u00fcr eine pers\u00f6nliche Wende nehmen k\u00f6nnen und sind zugleich in eine solidarische Gemeinschaft eingebettet.<\/p><p data-start=\\\"926\\\" data-end=\\\"1290\\\">Die Gemeinschaft TerraNea begleitet seit vielen Jahren Menschen in Krisensituationen und schafft Orte, an denen sie einfach sein d\u00fcrfen, ohne dass ihr gesamtes Dasein infrage gestellt wird.\u00a0Wir sind daran, herauszufinden, wie wir als Genossenschaft diese Auszeit-Wohnungen organisieren und betreiben k\u00f6nnen. Daf\u00fcr sind wir auf finanzielle Unterst\u00fctzung (<strong><a href=\\\"https:\/\/wildental.ch\/?page_id=896\\\" data-id=\\\"896\\\" data-title=\\\"Projektf\u00f6rderung - Entwurf\\\" data-type=\\\"page\\\">Projektf\u00f6rderung<\/a><\/strong>) von aussen angewiesen und stehen im Austausch mit verschiedenen Institutionen und Stiftungen. Neben der Planung unseres zuk\u00fcnftigen Lebensraums ist dieser Prozess ein wichtiger Bestandteil unserer genossenschaftlichen Arbeit. Er erm\u00f6glicht es uns, als Gemeinschaft mit neuen Menschen zusammenzuwachsen, unsere T\u00fcren und Herzen f\u00fcr neue Impulse zu \u00f6ffnen und mit Zuversicht und Dankbarkeit auf unseren gemeinsamen Ort zu blicken.<\/p><p data-start=\\\"1885\\\" data-end=\\\"2082\\\">Menschen, die sich mit eigenen Ideen einbringen oder diesen Prozess mitgestalten m\u00f6chten \u2013 sei es als Bewohnende oder als externe Interessierte \u2013 sind herzlich eingeladen, sich bei uns zu melden.<\/p>\",\r\n      \"align\": \"top\",\r\n      \"row\": 2,\r\n      \"col\": 0,\r\n      \"colspan\": 12,\r\n      \"offsetx\": 0,\r\n      \"offsety\": 0,\r\n      \"spaceabove\": 0,\r\n      \"spacebelow\": 0,\r\n      \"yvel\": 1,\r\n      \"push\": 0,\r\n      \"relid\": 8,\r\n      \"absolute_position\": false,\r\n      \"textAnimation\": {\r\n        \"enableTextAnimation\": false\r\n      }\r\n    }\r\n  ]\r\n}","_links":{"self":[{"href":"https:\/\/wildental.ch\/index.php?rest_route=\/wp\/v2\/pages\/909","targetHints":{"allow":["GET"]}}],"collection":[{"href":"https:\/\/wildental.ch\/index.php?rest_route=\/wp\/v2\/pages"}],"about":[{"href":"https:\/\/wildental.ch\/index.php?rest_route=\/wp\/v2\/types\/page"}],"author":[{"embeddable":true,"href":"https:\/\/wildental.ch\/index.php?rest_route=\/wp\/v2\/users\/3"}],"replies":[{"embeddable":true,"href":"https:\/\/wildental.ch\/index.php?rest_route=%2Fwp%2Fv2%2Fcomments&post=909"}],"version-history":[{"count":0,"href":"https:\/\/wildental.ch\/index.php?rest_route=\/wp\/v2\/pages\/909\/revisions"}],"wp:attachment":[{"href":"https:\/\/wildental.ch\/index.php?rest_route=%2Fwp%2Fv2%2Fmedia&parent=909"}],"curies":[{"name":"wp","href":"https:\/\/api.w.org\/{rel}","templated":true}]}}